{"id":1086,"date":"2024-07-17T11:01:13","date_gmt":"2024-07-17T09:01:13","guid":{"rendered":"https:\/\/www.morteratsch.ch\/?page_id=1086"},"modified":"2024-07-17T11:05:54","modified_gmt":"2024-07-17T09:05:54","slug":"alpschaukaeserei","status":"publish","type":"page","link":"https:\/\/www.morteratsch.ch\/en\/aktivitaeten\/sommer\/alpschaukaeserei\/","title":{"rendered":"Alpschauk\u00e4serei"},"content":{"rendered":"<div data-elementor-type=\"wp-page\" data-elementor-id=\"1086\" class=\"elementor elementor-1086\" data-elementor-post-type=\"page\">\n\t\t\t\t<div class=\"elementor-element elementor-element-2f494321 e-con-full e-flex e-con e-parent\" data-id=\"2f494321\" data-element_type=\"container\" data-e-type=\"container\" data-settings=\"{&quot;background_background&quot;:&quot;classic&quot;}\">\n\t\t\t\t<div class=\"elementor-element elementor-element-2cd33404 elementor--h-position-center elementor--v-position-middle elementor-arrows-position-inside elementor-widget elementor-widget-slides\" data-id=\"2cd33404\" data-element_type=\"widget\" data-e-type=\"widget\" data-settings=\"{&quot;navigation&quot;:&quot;arrows&quot;,&quot;autoplay&quot;:&quot;yes&quot;,&quot;autoplay_speed&quot;:5000,&quot;infinite&quot;:&quot;yes&quot;,&quot;transition&quot;:&quot;slide&quot;,&quot;transition_speed&quot;:500}\" data-widget_type=\"slides.default\">\n\t\t\t\t<div class=\"elementor-widget-container\">\n\t\t\t\t\t\t\t\t\t<div class=\"elementor-swiper\">\n\t\t\t\t\t<div class=\"elementor-slides-wrapper elementor-main-swiper swiper\" role=\"region\" aria-roledescription=\"carousel\" aria-label=\"guidance systems\" dir=\"ltr\" data-animation=\"fadeInUp\">\n\t\t\t\t<div class=\"swiper-wrapper elementor-slides\">\n\t\t\t\t\t\t\t\t\t\t<div class=\"elementor-repeater-item-4d03008 swiper-slide\" role=\"group\" aria-roledescription=\"slide\"><div class=\"swiper-slide-bg elementor-ken-burns elementor-ken-burns--in\" role=\"img\" aria-label=\"Alpschaukaeserei-DSC_1559-00464\"><\/div><div class=\"swiper-slide-inner\" ><div class=\"swiper-slide-contents\"><\/div><\/div><\/div><div class=\"elementor-repeater-item-5a11ac8 swiper-slide\" role=\"group\" aria-roledescription=\"slide\"><div class=\"swiper-slide-bg elementor-ken-burns elementor-ken-burns--in\" role=\"img\" aria-label=\"alpschaukaeserei_1\"><\/div><div class=\"swiper-slide-inner\" ><div class=\"swiper-slide-contents\"><\/div><\/div><\/div><div class=\"elementor-repeater-item-f7b5613 swiper-slide\" role=\"group\" aria-roledescription=\"slide\"><div class=\"swiper-slide-bg elementor-ken-burns elementor-ken-burns--in\" role=\"img\" aria-label=\"alpschaukaeserei_2\"><\/div><div class=\"swiper-slide-inner\" ><div class=\"swiper-slide-contents\"><\/div><\/div><\/div>\t\t\t\t<\/div>\n\t\t\t\t\t\t\t\t\t\t\t\t\t\t\t<div class=\"elementor-swiper-button elementor-swiper-button-prev\" role=\"button\" tabindex=\"0\" aria-label=\"Previous slide\">\n\t\t\t\t\t\t\t<i aria-hidden=\"true\" class=\"eicon-chevron-left\"><\/i>\t\t\t\t\t\t<\/div>\n\t\t\t\t\t\t<div class=\"elementor-swiper-button elementor-swiper-button-next\" role=\"button\" tabindex=\"0\" aria-label=\"Next slide\">\n\t\t\t\t\t\t\t<i aria-hidden=\"true\" class=\"eicon-chevron-right\"><\/i>\t\t\t\t\t\t<\/div>\n\t\t\t\t\t\t\t\t\t\t\t\t\t\t\t\t\t<\/div>\n\t\t\t\t<\/div>\n\t\t\t\t\t\t\t\t<\/div>\n\t\t\t\t<\/div>\n\t\t\t\t<\/div>\n\t\t<div class=\"elementor-element elementor-element-6e47d76e e-flex e-con-boxed e-con e-parent\" data-id=\"6e47d76e\" data-element_type=\"container\" data-e-type=\"container\">\n\t\t\t\t\t<div class=\"e-con-inner\">\n\t\t\t\t<div class=\"elementor-element elementor-element-73439228 elementor-widget__width-initial elementor-widget-tablet__width-inherit elementor-widget elementor-widget-heading\" data-id=\"73439228\" data-element_type=\"widget\" data-e-type=\"widget\" data-widget_type=\"heading.default\">\n\t\t\t\t<div class=\"elementor-widget-container\">\n\t\t\t\t\t<h2 class=\"elementor-heading-title elementor-size-default\">Alpschauk\u00e4serei<\/h2>\t\t\t\t<\/div>\n\t\t\t\t<\/div>\n\t\t\t\t<div class=\"elementor-element elementor-element-4d24492 elementor-widget__width-initial elementor-widget-tablet__width-inherit elementor-widget elementor-widget-text-editor\" data-id=\"4d24492\" data-element_type=\"widget\" data-e-type=\"widget\" data-widget_type=\"text-editor.default\">\n\t\t\t\t<div class=\"elementor-widget-container\">\n\t\t\t\t\t\t\t\t\t<p>Rustic. Authentic. Cozy. The Alp- Morteratsch show dairy pampers its guests daily from mid-June to the beginning of October from 9 a.m. to 5 p.m.. The dairy has a special highlight: experience cheese production up close. The traditional show cheese making starts twice a day at 9:30 a.m. and 1:30 p.m.. Marvel, participate and enjoy the culinary journey for the little ones to the seasoned cheesemaker-Connoisseur.<\/p><p>A special recommendation is the extensive Alpine brunch, which takes place every Tuesday to Sunday from 9:30 to 11:30 a.m.. Registration is possible until 5 p.m. the day before.<\/p>\t\t\t\t\t\t\t\t<\/div>\n\t\t\t\t<\/div>\n\t\t\t\t<div class=\"elementor-element elementor-element-6ee70195 elementor-widget elementor-widget-button\" data-id=\"6ee70195\" data-element_type=\"widget\" data-e-type=\"widget\" data-widget_type=\"button.default\">\n\t\t\t\t<div class=\"elementor-widget-container\">\n\t\t\t\t\t\t\t\t\t<div class=\"elementor-button-wrapper\">\n\t\t\t\t\t<a class=\"elementor-button elementor-button-link elementor-size-sm\" href=\"https:\/\/www.sennerei-pontresina.ch\/de\/\" target=\"_blank\">\n\t\t\t\t\t\t<span class=\"elementor-button-content-wrapper\">\n\t\t\t\t\t\t<span class=\"elementor-button-icon\">\n\t\t\t\t<svg xmlns=\"http:\/\/www.w3.org\/2000\/svg\" viewbox=\"0 0 31 16\"><path d=\"M30.707 8.707a1 1 0 0 0 0-1.414L24.343.929a1 1 0 1 0-1.414 1.414L28.586 8l-5.657 5.657a1 1 0 0 0 1.414 1.414l6.364-6.364ZM0 9h30V7H0v2Z\"><\/path><\/svg>\t\t\t<\/span>\n\t\t\t\t\t\t\t\t\t<span class=\"elementor-button-text\">Pontresina Dairy<\/span>\n\t\t\t\t\t<\/span>\n\t\t\t\t\t<\/a>\n\t\t\t\t<\/div>\n\t\t\t\t\t\t\t\t<\/div>\n\t\t\t\t<\/div>\n\t\t\t\t\t<\/div>\n\t\t\t\t<\/div>\n\t\t<div class=\"elementor-element elementor-element-7b8be527 e-flex e-con-boxed e-con e-parent\" data-id=\"7b8be527\" data-element_type=\"container\" data-e-type=\"container\">\n\t\t\t\t\t<div class=\"e-con-inner\">\n\t\t\t\t<div class=\"elementor-element elementor-element-7c671514 elementor-widget__width-inherit elementor-widget elementor-widget-heading\" data-id=\"7c671514\" data-element_type=\"widget\" data-e-type=\"widget\" data-widget_type=\"heading.default\">\n\t\t\t\t<div class=\"elementor-widget-container\">\n\t\t\t\t\t<h2 class=\"elementor-heading-title elementor-size-default\">Our Summer-Packages\n\n<\/h2>\t\t\t\t<\/div>\n\t\t\t\t<\/div>\n\t\t<div class=\"elementor-element elementor-element-9d5efbc e-con-full e-flex e-con e-child\" data-id=\"9d5efbc\" data-element_type=\"container\" data-e-type=\"container\">\n\t\t\t\t<div class=\"elementor-element elementor-element-1fa7586e elementor-cta--skin-cover elementor-bg-transform elementor-bg-transform-zoom-in elementor-widget elementor-widget-call-to-action\" data-id=\"1fa7586e\" data-element_type=\"widget\" data-e-type=\"widget\" data-widget_type=\"call-to-action.default\">\n\t\t\t\t<div class=\"elementor-widget-container\">\n\t\t\t\t\t\t\t<a class=\"elementor-cta\" href=\"https:\/\/www.morteratsch.ch\/en\/room-prices\/packages\/summer-package-week\/\">\n\t\t\t\t\t<div class=\"elementor-cta__bg-wrapper\">\n\t\t\t\t<div class=\"elementor-cta__bg elementor-bg\" style=\"background-image: url(https:\/\/www.morteratsch.ch\/wp-content\/uploads\/2024\/07\/morteratsch_header_gletscher.jpg);\" role=\"img\" aria-label=\"morteratsch_header_glacier\"><\/div>\n\t\t\t\t<div class=\"elementor-cta__bg-overlay\"><\/div>\n\t\t\t<\/div>\n\t\t\t\t\t\t\t<div class=\"elementor-cta__content\">\n\t\t\t\t\n\t\t\t\t\t\t\t\t\t<h3 class=\"elementor-cta__title elementor-cta__content-item elementor-content-item\">\n\t\t\t\t\t\tSummer Package Week\t\t\t\t\t<\/h3>\n\t\t\t\t\n\t\t\t\t\t\t\t\t\t<div class=\"elementor-cta__description elementor-cta__content-item elementor-content-item\">\n\t\t\t\t\t\tFrom CHF 1&#039;399.- for 6 nights, 2 people\t\t\t\t\t<\/div>\n\t\t\t\t\n\t\t\t\t\t\t\t<\/div>\n\t\t\t\t\t\t<\/a>\n\t\t\t\t\t\t<\/div>\n\t\t\t\t<\/div>\n\t\t\t\t<\/div>\n\t\t<div class=\"elementor-element elementor-element-7c73833b e-con-full e-flex e-con e-child\" data-id=\"7c73833b\" data-element_type=\"container\" data-e-type=\"container\">\n\t\t\t\t<div class=\"elementor-element elementor-element-5bdc04b5 elementor-cta--skin-cover elementor-bg-transform elementor-bg-transform-zoom-in elementor-widget elementor-widget-call-to-action\" data-id=\"5bdc04b5\" data-element_type=\"widget\" data-e-type=\"widget\" data-widget_type=\"call-to-action.default\">\n\t\t\t\t<div class=\"elementor-widget-container\">\n\t\t\t\t\t\t\t<a class=\"elementor-cta\" href=\"https:\/\/www.morteratsch.ch\/en\/room-prices\/packages\/family-special\/\">\n\t\t\t\t\t<div class=\"elementor-cta__bg-wrapper\">\n\t\t\t\t<div class=\"elementor-cta__bg elementor-bg\" style=\"background-image: url(https:\/\/www.morteratsch.ch\/wp-content\/uploads\/2024\/07\/mt_familien_special_bike.jpg);\" role=\"img\" aria-label=\"mt_family_special_bike\"><\/div>\n\t\t\t\t<div class=\"elementor-cta__bg-overlay\"><\/div>\n\t\t\t<\/div>\n\t\t\t\t\t\t\t<div class=\"elementor-cta__content\">\n\t\t\t\t\n\t\t\t\t\t\t\t\t\t<h3 class=\"elementor-cta__title elementor-cta__content-item elementor-content-item\">\n\t\t\t\t\t\tFamily-Special\t\t\t\t\t<\/h3>\n\t\t\t\t\n\t\t\t\t\t\t\t\t\t<div class=\"elementor-cta__description elementor-cta__content-item elementor-content-item\">\n\t\t\t\t\t\tFrom CHF 240.- per night<br>\n(2 adults and 2 children up to 16 years)\t\t\t\t\t<\/div>\n\t\t\t\t\n\t\t\t\t\t\t\t<\/div>\n\t\t\t\t\t\t<\/a>\n\t\t\t\t\t\t<\/div>\n\t\t\t\t<\/div>\n\t\t\t\t<\/div>\n\t\t<div class=\"elementor-element elementor-element-2ac157bd e-con-full e-flex e-con e-child\" data-id=\"2ac157bd\" data-element_type=\"container\" data-e-type=\"container\">\n\t\t\t\t<div class=\"elementor-element elementor-element-51c81702 elementor-cta--skin-cover elementor-bg-transform elementor-bg-transform-zoom-in elementor-widget elementor-widget-call-to-action\" data-id=\"51c81702\" data-element_type=\"widget\" data-e-type=\"widget\" data-widget_type=\"call-to-action.default\">\n\t\t\t\t<div class=\"elementor-widget-container\">\n\t\t\t\t\t\t\t<a class=\"elementor-cta\" href=\"https:\/\/www.morteratsch.ch\/en\/room-prices\/packages\/midweek-package\/\">\n\t\t\t\t\t<div class=\"elementor-cta__bg-wrapper\">\n\t\t\t\t<div class=\"elementor-cta__bg elementor-bg\" style=\"background-image: url(https:\/\/www.morteratsch.ch\/wp-content\/uploads\/2024\/07\/2020-06-30-Morteratsch-0002-scaled-1.jpg);\" role=\"img\" aria-label=\"2020-06-30-Morteratsch-0002-scaled\"><\/div>\n\t\t\t\t<div class=\"elementor-cta__bg-overlay\"><\/div>\n\t\t\t<\/div>\n\t\t\t\t\t\t\t<div class=\"elementor-cta__content\">\n\t\t\t\t\n\t\t\t\t\t\t\t\t\t<h3 class=\"elementor-cta__title elementor-cta__content-item elementor-content-item\">\n\t\t\t\t\t\tMidweek-Package\t\t\t\t\t<\/h3>\n\t\t\t\t\n\t\t\t\t\t\t\t\t\t<div class=\"elementor-cta__description elementor-cta__content-item elementor-content-item\">\n\t\t\t\t\t\tFrom CHF 699.- for 3 nights, 2 people\t\t\t\t\t<\/div>\n\t\t\t\t\n\t\t\t\t\t\t\t<\/div>\n\t\t\t\t\t\t<\/a>\n\t\t\t\t\t\t<\/div>\n\t\t\t\t<\/div>\n\t\t\t\t<\/div>\n\t\t\t\t\t<\/div>\n\t\t\t\t<\/div>\n\t\t\t\t<\/div>","protected":false},"excerpt":{"rendered":"<p>Previous slide Next slide Alpschauk\u00e4serei Rustikal. Authentisch. Gem\u00fctlich. Die Alp- Schauk\u00e4serei Morteratsch verw\u00f6hnt seine G\u00e4ste t\u00e4glich von Mitte Juni bis Anfang Oktober jeweils von 9 bis 17 Uhr. Die K\u00e4serei besticht durch ein besonderes Highlight: Eine K\u00e4seproduktion hautnah miterleben. Zweimal t\u00e4glich um 9:30 und 13:30 Uhr startet das traditionelle Schauk\u00e4sen. Staunen, mitwirken und geniessen bei [&hellip;]<\/p>\n","protected":false},"author":4,"featured_media":0,"parent":85,"menu_order":0,"comment_status":"closed","ping_status":"closed","template":"","meta":{"footnotes":""},"class_list":["post-1086","page","type-page","status-publish","hentry"],"yoast_head":"<!-- This site is optimized with the Yoast SEO plugin v27.4 - https:\/\/yoast.com\/product\/yoast-seo-wordpress\/ -->\n<title>Alpschauk\u00e4serei - Hotel Morteratsch | Pontresina<\/title>\n<meta name=\"robots\" content=\"index, follow, max-snippet:-1, max-image-preview:large, max-video-preview:-1\" \/>\n<link rel=\"canonical\" href=\"https:\/\/www.morteratsch.ch\/en\/activities\/summer\/alpschaukaeserei\/\" \/>\n<meta property=\"og:locale\" content=\"en_GB\" \/>\n<meta property=\"og:type\" content=\"article\" \/>\n<meta property=\"og:title\" content=\"Alpschauk\u00e4serei - Hotel Morteratsch | Pontresina\" \/>\n<meta property=\"og:description\" content=\"Previous slide Next slide Alpschauk\u00e4serei Rustikal. Authentisch. Gem\u00fctlich. Die Alp- Schauk\u00e4serei Morteratsch verw\u00f6hnt seine G\u00e4ste t\u00e4glich von Mitte Juni bis Anfang Oktober jeweils von 9 bis 17 Uhr. Die K\u00e4serei besticht durch ein besonderes Highlight: Eine K\u00e4seproduktion hautnah miterleben. Zweimal t\u00e4glich um 9:30 und 13:30 Uhr startet das traditionelle Schauk\u00e4sen. Staunen, mitwirken und geniessen bei [&hellip;]\" \/>\n<meta property=\"og:url\" content=\"https:\/\/www.morteratsch.ch\/en\/activities\/summer\/alpschaukaeserei\/\" \/>\n<meta property=\"og:site_name\" content=\"Hotel Morteratsch | Pontresina\" \/>\n<meta property=\"article:modified_time\" content=\"2024-07-17T09:05:54+00:00\" \/>\n<meta name=\"twitter:card\" content=\"summary_large_image\" \/>\n<meta name=\"twitter:label1\" content=\"Estimated reading time\" \/>\n\t<meta name=\"twitter:data1\" content=\"1 minute\" \/>\n<script type=\"application\/ld+json\" class=\"yoast-schema-graph\">{\"@context\":\"https:\\\/\\\/schema.org\",\"@graph\":[{\"@type\":\"WebPage\",\"@id\":\"https:\\\/\\\/www.morteratsch.ch\\\/aktivitaeten\\\/sommer\\\/alpschaukaeserei\\\/\",\"url\":\"https:\\\/\\\/www.morteratsch.ch\\\/aktivitaeten\\\/sommer\\\/alpschaukaeserei\\\/\",\"name\":\"Alpschauk\u00e4serei - Hotel Morteratsch | Pontresina\",\"isPartOf\":{\"@id\":\"https:\\\/\\\/www.morteratsch.ch\\\/#website\"},\"datePublished\":\"2024-07-17T09:01:13+00:00\",\"dateModified\":\"2024-07-17T09:05:54+00:00\",\"breadcrumb\":{\"@id\":\"https:\\\/\\\/www.morteratsch.ch\\\/aktivitaeten\\\/sommer\\\/alpschaukaeserei\\\/#breadcrumb\"},\"inLanguage\":\"en-GB\",\"potentialAction\":[{\"@type\":\"ReadAction\",\"target\":[\"https:\\\/\\\/www.morteratsch.ch\\\/aktivitaeten\\\/sommer\\\/alpschaukaeserei\\\/\"]}]},{\"@type\":\"BreadcrumbList\",\"@id\":\"https:\\\/\\\/www.morteratsch.ch\\\/aktivitaeten\\\/sommer\\\/alpschaukaeserei\\\/#breadcrumb\",\"itemListElement\":[{\"@type\":\"ListItem\",\"position\":1,\"name\":\"Startseite\",\"item\":\"https:\\\/\\\/www.morteratsch.ch\\\/\"},{\"@type\":\"ListItem\",\"position\":2,\"name\":\"Aktivit\u00e4ten\",\"item\":\"https:\\\/\\\/www.morteratsch.ch\\\/aktivitaeten\\\/\"},{\"@type\":\"ListItem\",\"position\":3,\"name\":\"Sommer\",\"item\":\"https:\\\/\\\/www.morteratsch.ch\\\/aktivitaeten\\\/sommer\\\/\"},{\"@type\":\"ListItem\",\"position\":4,\"name\":\"Alpschauk\u00e4serei\"}]},{\"@type\":\"WebSite\",\"@id\":\"https:\\\/\\\/www.morteratsch.ch\\\/#website\",\"url\":\"https:\\\/\\\/www.morteratsch.ch\\\/\",\"name\":\"Hotel Morteratsch | Pontresina\",\"description\":\"Hotel - Restaurant - Pontresina\",\"publisher\":{\"@id\":\"https:\\\/\\\/www.morteratsch.ch\\\/#organization\"},\"potentialAction\":[{\"@type\":\"SearchAction\",\"target\":{\"@type\":\"EntryPoint\",\"urlTemplate\":\"https:\\\/\\\/www.morteratsch.ch\\\/?s={search_term_string}\"},\"query-input\":{\"@type\":\"PropertyValueSpecification\",\"valueRequired\":true,\"valueName\":\"search_term_string\"}}],\"inLanguage\":\"en-GB\"},{\"@type\":\"Organization\",\"@id\":\"https:\\\/\\\/www.morteratsch.ch\\\/#organization\",\"name\":\"Hotel Morteratsch | Pontresina\",\"url\":\"https:\\\/\\\/www.morteratsch.ch\\\/\",\"logo\":{\"@type\":\"ImageObject\",\"inLanguage\":\"en-GB\",\"@id\":\"https:\\\/\\\/www.morteratsch.ch\\\/#\\\/schema\\\/logo\\\/image\\\/\",\"url\":\"https:\\\/\\\/www.morteratsch.ch\\\/wp-content\\\/uploads\\\/2024\\\/07\\\/morteratsch-logo.png\",\"contentUrl\":\"https:\\\/\\\/www.morteratsch.ch\\\/wp-content\\\/uploads\\\/2024\\\/07\\\/morteratsch-logo.png\",\"width\":400,\"height\":104,\"caption\":\"Hotel Morteratsch | Pontresina\"},\"image\":{\"@id\":\"https:\\\/\\\/www.morteratsch.ch\\\/#\\\/schema\\\/logo\\\/image\\\/\"}}]}<\/script>\n<!-- \/ Yoast SEO plugin. -->","yoast_head_json":{"title":"Alpine cheese dairy - Hotel Morteratsch | Pontresina","robots":{"index":"index","follow":"follow","max-snippet":"max-snippet:-1","max-image-preview":"max-image-preview:large","max-video-preview":"max-video-preview:-1"},"canonical":"https:\/\/www.morteratsch.ch\/en\/activities\/summer\/alpschaukaeserei\/","og_locale":"en_GB","og_type":"article","og_title":"Alpschauk\u00e4serei - Hotel Morteratsch | Pontresina","og_description":"Previous slide Next slide Alpschauk\u00e4serei Rustikal. Authentisch. Gem\u00fctlich. Die Alp- Schauk\u00e4serei Morteratsch verw\u00f6hnt seine G\u00e4ste t\u00e4glich von Mitte Juni bis Anfang Oktober jeweils von 9 bis 17 Uhr. Die K\u00e4serei besticht durch ein besonderes Highlight: Eine K\u00e4seproduktion hautnah miterleben. Zweimal t\u00e4glich um 9:30 und 13:30 Uhr startet das traditionelle Schauk\u00e4sen. Staunen, mitwirken und geniessen bei [&hellip;]","og_url":"https:\/\/www.morteratsch.ch\/en\/activities\/summer\/alpschaukaeserei\/","og_site_name":"Hotel Morteratsch | Pontresina","article_modified_time":"2024-07-17T09:05:54+00:00","twitter_card":"summary_large_image","twitter_misc":{"Estimated reading time":"1 minute"},"schema":{"@context":"https:\/\/schema.org","@graph":[{"@type":"WebPage","@id":"https:\/\/www.morteratsch.ch\/aktivitaeten\/sommer\/alpschaukaeserei\/","url":"https:\/\/www.morteratsch.ch\/aktivitaeten\/sommer\/alpschaukaeserei\/","name":"Alpine cheese dairy - Hotel Morteratsch | Pontresina","isPartOf":{"@id":"https:\/\/www.morteratsch.ch\/#website"},"datePublished":"2024-07-17T09:01:13+00:00","dateModified":"2024-07-17T09:05:54+00:00","breadcrumb":{"@id":"https:\/\/www.morteratsch.ch\/aktivitaeten\/sommer\/alpschaukaeserei\/#breadcrumb"},"inLanguage":"en-GB","potentialAction":[{"@type":"ReadAction","target":["https:\/\/www.morteratsch.ch\/aktivitaeten\/sommer\/alpschaukaeserei\/"]}]},{"@type":"BreadcrumbList","@id":"https:\/\/www.morteratsch.ch\/aktivitaeten\/sommer\/alpschaukaeserei\/#breadcrumb","itemListElement":[{"@type":"ListItem","position":1,"name":"Startseite","item":"https:\/\/www.morteratsch.ch\/"},{"@type":"ListItem","position":2,"name":"Aktivit\u00e4ten","item":"https:\/\/www.morteratsch.ch\/aktivitaeten\/"},{"@type":"ListItem","position":3,"name":"Sommer","item":"https:\/\/www.morteratsch.ch\/aktivitaeten\/sommer\/"},{"@type":"ListItem","position":4,"name":"Alpschauk\u00e4serei"}]},{"@type":"WebSite","@id":"https:\/\/www.morteratsch.ch\/#website","url":"https:\/\/www.morteratsch.ch\/","name":"Hotel Morteratsch | Pontresina","description":"Hotel - Restaurant - Pontresina","publisher":{"@id":"https:\/\/www.morteratsch.ch\/#organization"},"potentialAction":[{"@type":"SearchAction","target":{"@type":"EntryPoint","urlTemplate":"https:\/\/www.morteratsch.ch\/?s={search_term_string}"},"query-input":{"@type":"PropertyValueSpecification","valueRequired":true,"valueName":"search_term_string"}}],"inLanguage":"en-GB"},{"@type":"Organization","@id":"https:\/\/www.morteratsch.ch\/#organization","name":"Hotel Morteratsch | Pontresina","url":"https:\/\/www.morteratsch.ch\/","logo":{"@type":"ImageObject","inLanguage":"en-GB","@id":"https:\/\/www.morteratsch.ch\/#\/schema\/logo\/image\/","url":"https:\/\/www.morteratsch.ch\/wp-content\/uploads\/2024\/07\/morteratsch-logo.png","contentUrl":"https:\/\/www.morteratsch.ch\/wp-content\/uploads\/2024\/07\/morteratsch-logo.png","width":400,"height":104,"caption":"Hotel Morteratsch | Pontresina"},"image":{"@id":"https:\/\/www.morteratsch.ch\/#\/schema\/logo\/image\/"}}]}},"_links":{"self":[{"href":"https:\/\/www.morteratsch.ch\/en\/wp-json\/wp\/v2\/pages\/1086","targetHints":{"allow":["GET"]}}],"collection":[{"href":"https:\/\/www.morteratsch.ch\/en\/wp-json\/wp\/v2\/pages"}],"about":[{"href":"https:\/\/www.morteratsch.ch\/en\/wp-json\/wp\/v2\/types\/page"}],"author":[{"embeddable":true,"href":"https:\/\/www.morteratsch.ch\/en\/wp-json\/wp\/v2\/users\/4"}],"replies":[{"embeddable":true,"href":"https:\/\/www.morteratsch.ch\/en\/wp-json\/wp\/v2\/comments?post=1086"}],"version-history":[{"count":4,"href":"https:\/\/www.morteratsch.ch\/en\/wp-json\/wp\/v2\/pages\/1086\/revisions"}],"predecessor-version":[{"id":1094,"href":"https:\/\/www.morteratsch.ch\/en\/wp-json\/wp\/v2\/pages\/1086\/revisions\/1094"}],"up":[{"embeddable":true,"href":"https:\/\/www.morteratsch.ch\/en\/wp-json\/wp\/v2\/pages\/85"}],"wp:attachment":[{"href":"https:\/\/www.morteratsch.ch\/en\/wp-json\/wp\/v2\/media?parent=1086"}],"curies":[{"name":"wp","href":"https:\/\/api.w.org\/{rel}","templated":true}]}}