{"id":1118,"date":"2024-07-17T12:09:34","date_gmt":"2024-07-17T10:09:34","guid":{"rendered":"https:\/\/www.morteratsch.ch\/?page_id=1118"},"modified":"2024-07-17T12:12:11","modified_gmt":"2024-07-17T10:12:11","slug":"paragliding","status":"publish","type":"page","link":"https:\/\/www.morteratsch.ch\/en\/aktivitaeten\/sommer\/paragliding\/","title":{"rendered":"Paragliding"},"content":{"rendered":"<div data-elementor-type=\"wp-page\" data-elementor-id=\"1118\" class=\"elementor elementor-1118\" data-elementor-post-type=\"page\">\n\t\t\t\t<div class=\"elementor-element elementor-element-5d869cd0 e-con-full e-flex e-con e-parent\" data-id=\"5d869cd0\" data-element_type=\"container\" data-e-type=\"container\" data-settings=\"{&quot;background_background&quot;:&quot;classic&quot;}\">\n\t\t\t\t<div class=\"elementor-element elementor-element-668a398c elementor--h-position-center elementor--v-position-middle elementor-arrows-position-inside elementor-widget elementor-widget-slides\" data-id=\"668a398c\" data-element_type=\"widget\" data-e-type=\"widget\" data-settings=\"{&quot;navigation&quot;:&quot;arrows&quot;,&quot;autoplay&quot;:&quot;yes&quot;,&quot;autoplay_speed&quot;:5000,&quot;infinite&quot;:&quot;yes&quot;,&quot;transition&quot;:&quot;slide&quot;,&quot;transition_speed&quot;:500}\" data-widget_type=\"slides.default\">\n\t\t\t\t<div class=\"elementor-widget-container\">\n\t\t\t\t\t\t\t\t\t<div class=\"elementor-swiper\">\n\t\t\t\t\t<div class=\"elementor-slides-wrapper elementor-main-swiper swiper\" role=\"region\" aria-roledescription=\"carousel\" aria-label=\"guidance systems\" dir=\"ltr\" data-animation=\"fadeInUp\">\n\t\t\t\t<div class=\"swiper-wrapper elementor-slides\">\n\t\t\t\t\t\t\t\t\t\t<div class=\"elementor-repeater-item-4d03008 swiper-slide\" role=\"group\" aria-roledescription=\"slide\"><div class=\"swiper-slide-bg elementor-ken-burns elementor-ken-burns--in\" role=\"img\" aria-label=\"paraglading_header\"><\/div><div class=\"swiper-slide-inner\" ><div class=\"swiper-slide-contents\"><\/div><\/div><\/div><div class=\"elementor-repeater-item-5a11ac8 swiper-slide\" role=\"group\" aria-roledescription=\"slide\"><div class=\"swiper-slide-bg elementor-ken-burns elementor-ken-burns--in\" role=\"img\" aria-label=\"AlpLanguard_So2015_0025\"><\/div><div class=\"swiper-slide-inner\" ><div class=\"swiper-slide-contents\"><\/div><\/div><\/div>\t\t\t\t<\/div>\n\t\t\t\t\t\t\t\t\t\t\t\t\t\t\t<div class=\"elementor-swiper-button elementor-swiper-button-prev\" role=\"button\" tabindex=\"0\" aria-label=\"Previous slide\">\n\t\t\t\t\t\t\t<i aria-hidden=\"true\" class=\"eicon-chevron-left\"><\/i>\t\t\t\t\t\t<\/div>\n\t\t\t\t\t\t<div class=\"elementor-swiper-button elementor-swiper-button-next\" role=\"button\" tabindex=\"0\" aria-label=\"Next slide\">\n\t\t\t\t\t\t\t<i aria-hidden=\"true\" class=\"eicon-chevron-right\"><\/i>\t\t\t\t\t\t<\/div>\n\t\t\t\t\t\t\t\t\t\t\t\t\t\t\t\t\t<\/div>\n\t\t\t\t<\/div>\n\t\t\t\t\t\t\t\t<\/div>\n\t\t\t\t<\/div>\n\t\t\t\t<\/div>\n\t\t<div class=\"elementor-element elementor-element-55bd6a97 e-flex e-con-boxed e-con e-parent\" data-id=\"55bd6a97\" data-element_type=\"container\" data-e-type=\"container\">\n\t\t\t\t\t<div class=\"e-con-inner\">\n\t\t\t\t<div class=\"elementor-element elementor-element-6445b52e elementor-widget__width-initial elementor-widget-tablet__width-inherit elementor-widget elementor-widget-heading\" data-id=\"6445b52e\" data-element_type=\"widget\" data-e-type=\"widget\" data-widget_type=\"heading.default\">\n\t\t\t\t<div class=\"elementor-widget-container\">\n\t\t\t\t\t<h2 class=\"elementor-heading-title elementor-size-default\">Paragliding<\/h2>\t\t\t\t<\/div>\n\t\t\t\t<\/div>\n\t\t\t\t<div class=\"elementor-element elementor-element-42470263 elementor-widget__width-initial elementor-widget-tablet__width-inherit elementor-widget elementor-widget-text-editor\" data-id=\"42470263\" data-element_type=\"widget\" data-e-type=\"widget\" data-widget_type=\"text-editor.default\">\n\t\t\t\t<div class=\"elementor-widget-container\">\n\t\t\t\t\t\t\t\t\t<p>In the valley, the cyclist enjoys a beautiful tour while the eagle circles in the steel-blue sky. What is stopping you from taking off, launching into a new dimension, trying out a new attitude to life? Your contact for paragliding flights is \u00abParagliding Engadin\u00bb.<\/p><p>You start from enchanting places such as Muottas Muragl, Alp Languard or Corvatsch-Murtel and benefit from the thermal updrafts. You might even be able to fly above the take-off point and compete with birds of prey. On peak days, excursions to the Bernina region or towards the Lower Engadine are possible.<\/p>\t\t\t\t\t\t\t\t<\/div>\n\t\t\t\t<\/div>\n\t\t\t\t<div class=\"elementor-element elementor-element-43c84a7 elementor-widget elementor-widget-button\" data-id=\"43c84a7\" data-element_type=\"widget\" data-e-type=\"widget\" data-widget_type=\"button.default\">\n\t\t\t\t<div class=\"elementor-widget-container\">\n\t\t\t\t\t\t\t\t\t<div class=\"elementor-button-wrapper\">\n\t\t\t\t\t<a class=\"elementor-button elementor-button-link elementor-size-sm\" href=\"https:\/\/www.paragliding-engadin.ch\/de\" target=\"_blank\">\n\t\t\t\t\t\t<span class=\"elementor-button-content-wrapper\">\n\t\t\t\t\t\t<span class=\"elementor-button-icon\">\n\t\t\t\t<svg xmlns=\"http:\/\/www.w3.org\/2000\/svg\" viewbox=\"0 0 31 16\"><path d=\"M30.707 8.707a1 1 0 0 0 0-1.414L24.343.929a1 1 0 1 0-1.414 1.414L28.586 8l-5.657 5.657a1 1 0 0 0 1.414 1.414l6.364-6.364ZM0 9h30V7H0v2Z\"><\/path><\/svg>\t\t\t<\/span>\n\t\t\t\t\t\t\t\t\t<span class=\"elementor-button-text\">Paragliding Engadine<\/span>\n\t\t\t\t\t<\/span>\n\t\t\t\t\t<\/a>\n\t\t\t\t<\/div>\n\t\t\t\t\t\t\t\t<\/div>\n\t\t\t\t<\/div>\n\t\t\t\t\t<\/div>\n\t\t\t\t<\/div>\n\t\t<div class=\"elementor-element elementor-element-17e46b5d e-flex e-con-boxed e-con e-parent\" data-id=\"17e46b5d\" data-element_type=\"container\" data-e-type=\"container\">\n\t\t\t\t\t<div class=\"e-con-inner\">\n\t\t\t\t<div class=\"elementor-element elementor-element-4abe74e5 elementor-widget__width-inherit elementor-widget elementor-widget-heading\" data-id=\"4abe74e5\" data-element_type=\"widget\" data-e-type=\"widget\" data-widget_type=\"heading.default\">\n\t\t\t\t<div class=\"elementor-widget-container\">\n\t\t\t\t\t<h2 class=\"elementor-heading-title elementor-size-default\">Our Summer-Packages\n\n<\/h2>\t\t\t\t<\/div>\n\t\t\t\t<\/div>\n\t\t<div class=\"elementor-element elementor-element-666cc584 e-con-full e-flex e-con e-child\" data-id=\"666cc584\" data-element_type=\"container\" data-e-type=\"container\">\n\t\t\t\t<div class=\"elementor-element elementor-element-4eae8154 elementor-cta--skin-cover elementor-bg-transform elementor-bg-transform-zoom-in elementor-widget elementor-widget-call-to-action\" data-id=\"4eae8154\" data-element_type=\"widget\" data-e-type=\"widget\" data-widget_type=\"call-to-action.default\">\n\t\t\t\t<div class=\"elementor-widget-container\">\n\t\t\t\t\t\t\t<a class=\"elementor-cta\" href=\"https:\/\/www.morteratsch.ch\/en\/room-prices\/packages\/summer-package-week\/\">\n\t\t\t\t\t<div class=\"elementor-cta__bg-wrapper\">\n\t\t\t\t<div class=\"elementor-cta__bg elementor-bg\" style=\"background-image: url(https:\/\/www.morteratsch.ch\/wp-content\/uploads\/2024\/07\/morteratsch_header_gletscher.jpg);\" role=\"img\" aria-label=\"morteratsch_header_glacier\"><\/div>\n\t\t\t\t<div class=\"elementor-cta__bg-overlay\"><\/div>\n\t\t\t<\/div>\n\t\t\t\t\t\t\t<div class=\"elementor-cta__content\">\n\t\t\t\t\n\t\t\t\t\t\t\t\t\t<h3 class=\"elementor-cta__title elementor-cta__content-item elementor-content-item\">\n\t\t\t\t\t\tSummer Package Week\t\t\t\t\t<\/h3>\n\t\t\t\t\n\t\t\t\t\t\t\t\t\t<div class=\"elementor-cta__description elementor-cta__content-item elementor-content-item\">\n\t\t\t\t\t\tFrom CHF 1&#039;399.- for 6 nights, 2 people\t\t\t\t\t<\/div>\n\t\t\t\t\n\t\t\t\t\t\t\t<\/div>\n\t\t\t\t\t\t<\/a>\n\t\t\t\t\t\t<\/div>\n\t\t\t\t<\/div>\n\t\t\t\t<\/div>\n\t\t<div class=\"elementor-element elementor-element-42a1183b e-con-full e-flex e-con e-child\" data-id=\"42a1183b\" data-element_type=\"container\" data-e-type=\"container\">\n\t\t\t\t<div class=\"elementor-element elementor-element-4c494950 elementor-cta--skin-cover elementor-bg-transform elementor-bg-transform-zoom-in elementor-widget elementor-widget-call-to-action\" data-id=\"4c494950\" data-element_type=\"widget\" data-e-type=\"widget\" data-widget_type=\"call-to-action.default\">\n\t\t\t\t<div class=\"elementor-widget-container\">\n\t\t\t\t\t\t\t<a class=\"elementor-cta\" href=\"https:\/\/www.morteratsch.ch\/en\/room-prices\/packages\/family-special\/\">\n\t\t\t\t\t<div class=\"elementor-cta__bg-wrapper\">\n\t\t\t\t<div class=\"elementor-cta__bg elementor-bg\" style=\"background-image: url(https:\/\/www.morteratsch.ch\/wp-content\/uploads\/2024\/07\/mt_familien_special_bike.jpg);\" role=\"img\" aria-label=\"mt_family_special_bike\"><\/div>\n\t\t\t\t<div class=\"elementor-cta__bg-overlay\"><\/div>\n\t\t\t<\/div>\n\t\t\t\t\t\t\t<div class=\"elementor-cta__content\">\n\t\t\t\t\n\t\t\t\t\t\t\t\t\t<h3 class=\"elementor-cta__title elementor-cta__content-item elementor-content-item\">\n\t\t\t\t\t\tFamily-Special\t\t\t\t\t<\/h3>\n\t\t\t\t\n\t\t\t\t\t\t\t\t\t<div class=\"elementor-cta__description elementor-cta__content-item elementor-content-item\">\n\t\t\t\t\t\tFrom CHF 240.- per night<br>\n(2 adults and 2 children up to 16 years)\t\t\t\t\t<\/div>\n\t\t\t\t\n\t\t\t\t\t\t\t<\/div>\n\t\t\t\t\t\t<\/a>\n\t\t\t\t\t\t<\/div>\n\t\t\t\t<\/div>\n\t\t\t\t<\/div>\n\t\t<div class=\"elementor-element elementor-element-2f19e2cc e-con-full e-flex e-con e-child\" data-id=\"2f19e2cc\" data-element_type=\"container\" data-e-type=\"container\">\n\t\t\t\t<div class=\"elementor-element elementor-element-681d9bec elementor-cta--skin-cover elementor-bg-transform elementor-bg-transform-zoom-in elementor-widget elementor-widget-call-to-action\" data-id=\"681d9bec\" data-element_type=\"widget\" data-e-type=\"widget\" data-widget_type=\"call-to-action.default\">\n\t\t\t\t<div class=\"elementor-widget-container\">\n\t\t\t\t\t\t\t<a class=\"elementor-cta\" href=\"https:\/\/www.morteratsch.ch\/en\/room-prices\/packages\/midweek-package\/\">\n\t\t\t\t\t<div class=\"elementor-cta__bg-wrapper\">\n\t\t\t\t<div class=\"elementor-cta__bg elementor-bg\" style=\"background-image: url(https:\/\/www.morteratsch.ch\/wp-content\/uploads\/2024\/07\/2020-06-30-Morteratsch-0002-scaled-1.jpg);\" role=\"img\" aria-label=\"2020-06-30-Morteratsch-0002-scaled\"><\/div>\n\t\t\t\t<div class=\"elementor-cta__bg-overlay\"><\/div>\n\t\t\t<\/div>\n\t\t\t\t\t\t\t<div class=\"elementor-cta__content\">\n\t\t\t\t\n\t\t\t\t\t\t\t\t\t<h3 class=\"elementor-cta__title elementor-cta__content-item elementor-content-item\">\n\t\t\t\t\t\tMidweek-Package\t\t\t\t\t<\/h3>\n\t\t\t\t\n\t\t\t\t\t\t\t\t\t<div class=\"elementor-cta__description elementor-cta__content-item elementor-content-item\">\n\t\t\t\t\t\tFrom CHF 699.- for 3 nights, 2 people\t\t\t\t\t<\/div>\n\t\t\t\t\n\t\t\t\t\t\t\t<\/div>\n\t\t\t\t\t\t<\/a>\n\t\t\t\t\t\t<\/div>\n\t\t\t\t<\/div>\n\t\t\t\t<\/div>\n\t\t\t\t\t<\/div>\n\t\t\t\t<\/div>\n\t\t\t\t<\/div>","protected":false},"excerpt":{"rendered":"<p>Previous slide Next slide Paragliding Im Tal geniesst der Radfahrer eine sch\u00f6ne Tour, w\u00e4hrend am stahlblauen Himmel der Adler seine Kreise zieht. Was hindert Sie eigentlich daran, selbst einmal abzuheben, in eine neue Dimension durchzustarten, ein neues Lebensgef\u00fchl auszuprobieren? Ihr Ansprechpartner f\u00fcr Gleitschirmfl\u00fcge ist \u00abParagliding Engadin\u00bb. Sie starten von bezaubernden Orten, wie Muottas Muragl, Alp [&hellip;]<\/p>\n","protected":false},"author":4,"featured_media":0,"parent":85,"menu_order":0,"comment_status":"closed","ping_status":"closed","template":"","meta":{"footnotes":""},"class_list":["post-1118","page","type-page","status-publish","hentry"],"yoast_head":"<!-- This site is optimized with the Yoast SEO plugin v27.3 - https:\/\/yoast.com\/product\/yoast-seo-wordpress\/ -->\n<title>Paragliding - Hotel Morteratsch | Pontresina<\/title>\n<meta name=\"robots\" content=\"index, follow, max-snippet:-1, max-image-preview:large, max-video-preview:-1\" \/>\n<link rel=\"canonical\" href=\"https:\/\/www.morteratsch.ch\/en\/activities\/summer\/paragliding\/\" \/>\n<meta property=\"og:locale\" content=\"en_GB\" \/>\n<meta property=\"og:type\" content=\"article\" \/>\n<meta property=\"og:title\" content=\"Paragliding - Hotel Morteratsch | Pontresina\" \/>\n<meta property=\"og:description\" content=\"Previous slide Next slide Paragliding Im Tal geniesst der Radfahrer eine sch\u00f6ne Tour, w\u00e4hrend am stahlblauen Himmel der Adler seine Kreise zieht. Was hindert Sie eigentlich daran, selbst einmal abzuheben, in eine neue Dimension durchzustarten, ein neues Lebensgef\u00fchl auszuprobieren? Ihr Ansprechpartner f\u00fcr Gleitschirmfl\u00fcge ist \u00abParagliding Engadin\u00bb. Sie starten von bezaubernden Orten, wie Muottas Muragl, Alp [&hellip;]\" \/>\n<meta property=\"og:url\" content=\"https:\/\/www.morteratsch.ch\/en\/activities\/summer\/paragliding\/\" \/>\n<meta property=\"og:site_name\" content=\"Hotel Morteratsch | Pontresina\" \/>\n<meta property=\"article:modified_time\" content=\"2024-07-17T10:12:11+00:00\" \/>\n<meta name=\"twitter:card\" content=\"summary_large_image\" \/>\n<meta name=\"twitter:label1\" content=\"Estimated reading time\" \/>\n\t<meta name=\"twitter:data1\" content=\"1 minute\" \/>\n<script type=\"application\/ld+json\" class=\"yoast-schema-graph\">{\"@context\":\"https:\\\/\\\/schema.org\",\"@graph\":[{\"@type\":\"WebPage\",\"@id\":\"https:\\\/\\\/www.morteratsch.ch\\\/aktivitaeten\\\/sommer\\\/paragliding\\\/\",\"url\":\"https:\\\/\\\/www.morteratsch.ch\\\/aktivitaeten\\\/sommer\\\/paragliding\\\/\",\"name\":\"Paragliding - Hotel Morteratsch | Pontresina\",\"isPartOf\":{\"@id\":\"https:\\\/\\\/www.morteratsch.ch\\\/#website\"},\"datePublished\":\"2024-07-17T10:09:34+00:00\",\"dateModified\":\"2024-07-17T10:12:11+00:00\",\"breadcrumb\":{\"@id\":\"https:\\\/\\\/www.morteratsch.ch\\\/aktivitaeten\\\/sommer\\\/paragliding\\\/#breadcrumb\"},\"inLanguage\":\"en-GB\",\"potentialAction\":[{\"@type\":\"ReadAction\",\"target\":[\"https:\\\/\\\/www.morteratsch.ch\\\/aktivitaeten\\\/sommer\\\/paragliding\\\/\"]}]},{\"@type\":\"BreadcrumbList\",\"@id\":\"https:\\\/\\\/www.morteratsch.ch\\\/aktivitaeten\\\/sommer\\\/paragliding\\\/#breadcrumb\",\"itemListElement\":[{\"@type\":\"ListItem\",\"position\":1,\"name\":\"Startseite\",\"item\":\"https:\\\/\\\/www.morteratsch.ch\\\/\"},{\"@type\":\"ListItem\",\"position\":2,\"name\":\"Aktivit\u00e4ten\",\"item\":\"https:\\\/\\\/www.morteratsch.ch\\\/aktivitaeten\\\/\"},{\"@type\":\"ListItem\",\"position\":3,\"name\":\"Sommer\",\"item\":\"https:\\\/\\\/www.morteratsch.ch\\\/aktivitaeten\\\/sommer\\\/\"},{\"@type\":\"ListItem\",\"position\":4,\"name\":\"Paragliding\"}]},{\"@type\":\"WebSite\",\"@id\":\"https:\\\/\\\/www.morteratsch.ch\\\/#website\",\"url\":\"https:\\\/\\\/www.morteratsch.ch\\\/\",\"name\":\"Hotel Morteratsch | Pontresina\",\"description\":\"Hotel - Restaurant - Pontresina\",\"publisher\":{\"@id\":\"https:\\\/\\\/www.morteratsch.ch\\\/#organization\"},\"potentialAction\":[{\"@type\":\"SearchAction\",\"target\":{\"@type\":\"EntryPoint\",\"urlTemplate\":\"https:\\\/\\\/www.morteratsch.ch\\\/?s={search_term_string}\"},\"query-input\":{\"@type\":\"PropertyValueSpecification\",\"valueRequired\":true,\"valueName\":\"search_term_string\"}}],\"inLanguage\":\"en-GB\"},{\"@type\":\"Organization\",\"@id\":\"https:\\\/\\\/www.morteratsch.ch\\\/#organization\",\"name\":\"Hotel Morteratsch | Pontresina\",\"url\":\"https:\\\/\\\/www.morteratsch.ch\\\/\",\"logo\":{\"@type\":\"ImageObject\",\"inLanguage\":\"en-GB\",\"@id\":\"https:\\\/\\\/www.morteratsch.ch\\\/#\\\/schema\\\/logo\\\/image\\\/\",\"url\":\"https:\\\/\\\/www.morteratsch.ch\\\/wp-content\\\/uploads\\\/2024\\\/07\\\/morteratsch-logo.png\",\"contentUrl\":\"https:\\\/\\\/www.morteratsch.ch\\\/wp-content\\\/uploads\\\/2024\\\/07\\\/morteratsch-logo.png\",\"width\":400,\"height\":104,\"caption\":\"Hotel Morteratsch | Pontresina\"},\"image\":{\"@id\":\"https:\\\/\\\/www.morteratsch.ch\\\/#\\\/schema\\\/logo\\\/image\\\/\"}}]}<\/script>\n<!-- \/ Yoast SEO plugin. -->","yoast_head_json":{"title":"Paragliding - Hotel Morteratsch | Pontresina","robots":{"index":"index","follow":"follow","max-snippet":"max-snippet:-1","max-image-preview":"max-image-preview:large","max-video-preview":"max-video-preview:-1"},"canonical":"https:\/\/www.morteratsch.ch\/en\/activities\/summer\/paragliding\/","og_locale":"en_GB","og_type":"article","og_title":"Paragliding - Hotel Morteratsch | Pontresina","og_description":"Previous slide Next slide Paragliding Im Tal geniesst der Radfahrer eine sch\u00f6ne Tour, w\u00e4hrend am stahlblauen Himmel der Adler seine Kreise zieht. Was hindert Sie eigentlich daran, selbst einmal abzuheben, in eine neue Dimension durchzustarten, ein neues Lebensgef\u00fchl auszuprobieren? Ihr Ansprechpartner f\u00fcr Gleitschirmfl\u00fcge ist \u00abParagliding Engadin\u00bb. Sie starten von bezaubernden Orten, wie Muottas Muragl, Alp [&hellip;]","og_url":"https:\/\/www.morteratsch.ch\/en\/activities\/summer\/paragliding\/","og_site_name":"Hotel Morteratsch | Pontresina","article_modified_time":"2024-07-17T10:12:11+00:00","twitter_card":"summary_large_image","twitter_misc":{"Estimated reading time":"1 minute"},"schema":{"@context":"https:\/\/schema.org","@graph":[{"@type":"WebPage","@id":"https:\/\/www.morteratsch.ch\/aktivitaeten\/sommer\/paragliding\/","url":"https:\/\/www.morteratsch.ch\/aktivitaeten\/sommer\/paragliding\/","name":"Paragliding - Hotel Morteratsch | Pontresina","isPartOf":{"@id":"https:\/\/www.morteratsch.ch\/#website"},"datePublished":"2024-07-17T10:09:34+00:00","dateModified":"2024-07-17T10:12:11+00:00","breadcrumb":{"@id":"https:\/\/www.morteratsch.ch\/aktivitaeten\/sommer\/paragliding\/#breadcrumb"},"inLanguage":"en-GB","potentialAction":[{"@type":"ReadAction","target":["https:\/\/www.morteratsch.ch\/aktivitaeten\/sommer\/paragliding\/"]}]},{"@type":"BreadcrumbList","@id":"https:\/\/www.morteratsch.ch\/aktivitaeten\/sommer\/paragliding\/#breadcrumb","itemListElement":[{"@type":"ListItem","position":1,"name":"Startseite","item":"https:\/\/www.morteratsch.ch\/"},{"@type":"ListItem","position":2,"name":"Aktivit\u00e4ten","item":"https:\/\/www.morteratsch.ch\/aktivitaeten\/"},{"@type":"ListItem","position":3,"name":"Sommer","item":"https:\/\/www.morteratsch.ch\/aktivitaeten\/sommer\/"},{"@type":"ListItem","position":4,"name":"Paragliding"}]},{"@type":"WebSite","@id":"https:\/\/www.morteratsch.ch\/#website","url":"https:\/\/www.morteratsch.ch\/","name":"Hotel Morteratsch | Pontresina","description":"Hotel - Restaurant - Pontresina","publisher":{"@id":"https:\/\/www.morteratsch.ch\/#organization"},"potentialAction":[{"@type":"SearchAction","target":{"@type":"EntryPoint","urlTemplate":"https:\/\/www.morteratsch.ch\/?s={search_term_string}"},"query-input":{"@type":"PropertyValueSpecification","valueRequired":true,"valueName":"search_term_string"}}],"inLanguage":"en-GB"},{"@type":"Organization","@id":"https:\/\/www.morteratsch.ch\/#organization","name":"Hotel Morteratsch | Pontresina","url":"https:\/\/www.morteratsch.ch\/","logo":{"@type":"ImageObject","inLanguage":"en-GB","@id":"https:\/\/www.morteratsch.ch\/#\/schema\/logo\/image\/","url":"https:\/\/www.morteratsch.ch\/wp-content\/uploads\/2024\/07\/morteratsch-logo.png","contentUrl":"https:\/\/www.morteratsch.ch\/wp-content\/uploads\/2024\/07\/morteratsch-logo.png","width":400,"height":104,"caption":"Hotel Morteratsch | Pontresina"},"image":{"@id":"https:\/\/www.morteratsch.ch\/#\/schema\/logo\/image\/"}}]}},"_links":{"self":[{"href":"https:\/\/www.morteratsch.ch\/en\/wp-json\/wp\/v2\/pages\/1118","targetHints":{"allow":["GET"]}}],"collection":[{"href":"https:\/\/www.morteratsch.ch\/en\/wp-json\/wp\/v2\/pages"}],"about":[{"href":"https:\/\/www.morteratsch.ch\/en\/wp-json\/wp\/v2\/types\/page"}],"author":[{"embeddable":true,"href":"https:\/\/www.morteratsch.ch\/en\/wp-json\/wp\/v2\/users\/4"}],"replies":[{"embeddable":true,"href":"https:\/\/www.morteratsch.ch\/en\/wp-json\/wp\/v2\/comments?post=1118"}],"version-history":[{"count":7,"href":"https:\/\/www.morteratsch.ch\/en\/wp-json\/wp\/v2\/pages\/1118\/revisions"}],"predecessor-version":[{"id":1126,"href":"https:\/\/www.morteratsch.ch\/en\/wp-json\/wp\/v2\/pages\/1118\/revisions\/1126"}],"up":[{"embeddable":true,"href":"https:\/\/www.morteratsch.ch\/en\/wp-json\/wp\/v2\/pages\/85"}],"wp:attachment":[{"href":"https:\/\/www.morteratsch.ch\/en\/wp-json\/wp\/v2\/media?parent=1118"}],"curies":[{"name":"wp","href":"https:\/\/api.w.org\/{rel}","templated":true}]}}