{"id":1407,"date":"2024-07-18T10:35:32","date_gmt":"2024-07-18T08:35:32","guid":{"rendered":"https:\/\/www.morteratsch.ch\/?page_id=1407"},"modified":"2026-03-30T18:09:55","modified_gmt":"2026-03-30T16:09:55","slug":"reserve-a-table","status":"publish","type":"page","link":"https:\/\/www.morteratsch.ch\/en\/restaurant\/tisch-reservieren\/","title":{"rendered":"Reserve a table"},"content":{"rendered":"\t\t<div data-elementor-type=\"wp-page\" data-elementor-id=\"1407\" class=\"elementor elementor-1407\" data-elementor-post-type=\"page\">\n\t\t\t\t<div class=\"elementor-element elementor-element-765cdb4 e-flex e-con-boxed e-con e-parent\" data-id=\"765cdb4\" data-element_type=\"container\" data-e-type=\"container\">\n\t\t\t\t\t<div class=\"e-con-inner\">\n\t\t\t\t<div class=\"elementor-element elementor-element-9bfb922 elementor-widget__width-initial elementor-widget-mobile__width-inherit elementor-widget elementor-widget-heading\" data-id=\"9bfb922\" data-element_type=\"widget\" data-e-type=\"widget\" data-widget_type=\"heading.default\">\n\t\t\t\t<div class=\"elementor-widget-container\">\n\t\t\t\t\t<h2 class=\"elementor-heading-title elementor-size-default\"><b>Tisch reservieren<br><\/b><br>\n\n<p class=\"MsoNormal\">Wintersaison<b><\/b><\/p><p class=\"MsoNormal\">05.12.2025 \u2013 19.04.2026<\/p>\n<p class=\"MsoNormal\">Sommersaison<b><\/b><\/p><p class=\"MsoNormal\">04.06.2026 \u2013 25.10.2026<\/p>\n\n<\/h2>\t\t\t\t<\/div>\n\t\t\t\t<\/div>\n\t\t\t\t<div class=\"elementor-element elementor-element-6e8097d elementor-widget__width-initial elementor-widget-mobile__width-inherit elementor-button-align-stretch elementor-widget elementor-widget-form\" data-id=\"6e8097d\" data-element_type=\"widget\" data-e-type=\"widget\" data-settings=\"{&quot;step_next_label&quot;:&quot;Next&quot;,&quot;step_previous_label&quot;:&quot;Previous&quot;,&quot;button_width&quot;:&quot;100&quot;,&quot;step_type&quot;:&quot;number_text&quot;,&quot;step_icon_shape&quot;:&quot;circle&quot;}\" data-widget_type=\"form.default\">\n\t\t\t\t<div class=\"elementor-widget-container\">\n\t\t\t\t\t\t\t<form class=\"elementor-form\" method=\"post\" name=\"Website Tisch Reservation\" aria-label=\"Website Tisch Reservation\">\n\t\t\t<input type=\"hidden\" name=\"post_id\" value=\"1407\"\/>\n\t\t\t<input type=\"hidden\" name=\"form_id\" value=\"6e8097d\"\/>\n\t\t\t<input type=\"hidden\" name=\"referer_title\" value=\"Tisch reservieren - Hotel Morteratsch | Pontresina\" \/>\n\n\t\t\t\t\t\t\t<input type=\"hidden\" name=\"queried_id\" value=\"1407\"\/>\n\t\t\t\n\t\t\t<div class=\"elementor-form-fields-wrapper elementor-labels-above\">\n\t\t\t\t\t\t\t\t<div class=\"elementor-field-type-text elementor-field-group elementor-column elementor-field-group-vorname elementor-col-50 elementor-field-required elementor-mark-required\">\n\t\t\t\t\t\t\t\t\t\t\t\t<label for=\"form-field-vorname\" class=\"elementor-field-label\">\n\t\t\t\t\t\t\t\tVorname\t\t\t\t\t\t\t<\/label>\n\t\t\t\t\t\t\t\t\t\t\t\t\t\t<input size=\"1\" type=\"text\" name=\"form_fields[vorname]\" id=\"form-field-vorname\" class=\"elementor-field elementor-size-sm  elementor-field-textual\" required=\"required\">\n\t\t\t\t\t\t\t\t\t\t\t<\/div>\n\t\t\t\t\t\t\t\t<div class=\"elementor-field-type-text elementor-field-group elementor-column elementor-field-group-nachname elementor-col-50 elementor-field-required elementor-mark-required\">\n\t\t\t\t\t\t\t\t\t\t\t\t<label for=\"form-field-nachname\" class=\"elementor-field-label\">\n\t\t\t\t\t\t\t\tNachname\t\t\t\t\t\t\t<\/label>\n\t\t\t\t\t\t\t\t\t\t\t\t\t\t<input size=\"1\" type=\"text\" name=\"form_fields[nachname]\" id=\"form-field-nachname\" class=\"elementor-field elementor-size-sm  elementor-field-textual\" required=\"required\">\n\t\t\t\t\t\t\t\t\t\t\t<\/div>\n\t\t\t\t\t\t\t\t<div class=\"elementor-field-type-tel elementor-field-group elementor-column elementor-field-group-tel elementor-col-50 elementor-field-required elementor-mark-required\">\n\t\t\t\t\t\t\t\t\t\t\t\t<label for=\"form-field-tel\" class=\"elementor-field-label\">\n\t\t\t\t\t\t\t\tTelefon Nummer\t\t\t\t\t\t\t<\/label>\n\t\t\t\t\t\t\t\t<input size=\"1\" type=\"tel\" name=\"form_fields[tel]\" id=\"form-field-tel\" class=\"elementor-field elementor-size-sm  elementor-field-textual\" required=\"required\" pattern=\"[0-9()#&amp;+*-=.]+\" title=\"Es werden nur Zahlen und Telefonzeichen (#, -, * usw.) akzeptiert.\">\n\n\t\t\t\t\t\t<\/div>\n\t\t\t\t\t\t\t\t<div class=\"elementor-field-type-email elementor-field-group elementor-column elementor-field-group-email elementor-col-50 elementor-field-required elementor-mark-required\">\n\t\t\t\t\t\t\t\t\t\t\t\t<label for=\"form-field-email\" class=\"elementor-field-label\">\n\t\t\t\t\t\t\t\tE-Mail\t\t\t\t\t\t\t<\/label>\n\t\t\t\t\t\t\t\t\t\t\t\t\t\t<input size=\"1\" type=\"email\" name=\"form_fields[email]\" id=\"form-field-email\" class=\"elementor-field elementor-size-sm  elementor-field-textual\" required=\"required\">\n\t\t\t\t\t\t\t\t\t\t\t<\/div>\n\t\t\t\t\t\t\t\t<div class=\"elementor-field-type-date elementor-field-group elementor-column elementor-field-group-datum elementor-col-50 elementor-field-required elementor-mark-required\">\n\t\t\t\t\t\t\t\t\t\t\t\t<label for=\"form-field-datum\" class=\"elementor-field-label\">\n\t\t\t\t\t\t\t\tDatum\t\t\t\t\t\t\t<\/label>\n\t\t\t\t\t\t\n\t\t<input type=\"date\" name=\"form_fields[datum]\" id=\"form-field-datum\" class=\"elementor-field elementor-size-sm  elementor-field-textual elementor-date-field\" required=\"required\" pattern=\"[0-9]{4}-[0-9]{2}-[0-9]{2}\">\n\t\t\t\t\t\t<\/div>\n\t\t\t\t\t\t\t\t<div class=\"elementor-field-type-number elementor-field-group elementor-column elementor-field-group-personen elementor-col-50 elementor-field-required elementor-mark-required\">\n\t\t\t\t\t\t\t\t\t\t\t\t<label for=\"form-field-personen\" class=\"elementor-field-label\">\n\t\t\t\t\t\t\t\tAnzahl Personen\t\t\t\t\t\t\t<\/label>\n\t\t\t\t\t\t\t\t\t<input type=\"number\" name=\"form_fields[personen]\" id=\"form-field-personen\" class=\"elementor-field elementor-size-sm  elementor-field-textual\" required=\"required\" min=\"\" max=\"\" >\n\t\t\t\t\t\t<\/div>\n\t\t\t\t\t\t\t\t<div class=\"elementor-field-type-html elementor-field-group elementor-column elementor-field-group-field_326ff37 elementor-col-100\">\n\t\t\t\t\t<br>\t\t\t\t<\/div>\n\t\t\t\t\t\t\t\t<div class=\"elementor-field-type-html elementor-field-group elementor-column elementor-field-group-field_7d2d8d2 elementor-col-100\">\n\t\t\t\t\t<h6> Reservationszeiten <\/h6>\nIn der Hochsaison bieten wir Ihnen zwei Service-Zeiten an: <b>18:00 Uhr<\/b> oder <b>20:00 Uhr<\/b>. Wir halten den reservierten Tisch gerne <b>15 Minuten<\/b> frei. Danach d\u00fcrfen Sie auf den n\u00e4chsten freien Tisch warten. \t\t\t\t<\/div>\n\t\t\t\t\t\t\t\t<div class=\"elementor-field-type-checkbox elementor-field-group elementor-column elementor-field-group-field_81b9c27 elementor-col-100\">\n\t\t\t\t\t<div class=\"elementor-field-subgroup  \"><span class=\"elementor-field-option\"><input type=\"checkbox\" value=\"11.30 Uhr (Mittag)\" id=\"form-field-field_81b9c27-0\" name=\"form_fields[field_81b9c27][]\"> <label for=\"form-field-field_81b9c27-0\">11.30 Uhr (Mittag)<\/label><\/span><span class=\"elementor-field-option\"><input type=\"checkbox\" value=\"12.00 Uhr (Mittag)\" id=\"form-field-field_81b9c27-1\" name=\"form_fields[field_81b9c27][]\"> <label for=\"form-field-field_81b9c27-1\">12.00 Uhr (Mittag)<\/label><\/span><span class=\"elementor-field-option\"><input type=\"checkbox\" value=\"12.30 Uhr (Mittag)\" id=\"form-field-field_81b9c27-2\" name=\"form_fields[field_81b9c27][]\"> <label for=\"form-field-field_81b9c27-2\">12.30 Uhr (Mittag)<\/label><\/span><span class=\"elementor-field-option\"><input type=\"checkbox\" value=\"18.00 Uhr (Abend)\" id=\"form-field-field_81b9c27-3\" name=\"form_fields[field_81b9c27][]\"> <label for=\"form-field-field_81b9c27-3\">18.00 Uhr (Abend)<\/label><\/span><span class=\"elementor-field-option\"><input type=\"checkbox\" value=\"18.30 Uhr (Abend)\" id=\"form-field-field_81b9c27-4\" name=\"form_fields[field_81b9c27][]\"> <label for=\"form-field-field_81b9c27-4\">18.30 Uhr (Abend)<\/label><\/span><span class=\"elementor-field-option\"><input type=\"checkbox\" value=\"19:00 Uhr (Abend)\" id=\"form-field-field_81b9c27-5\" name=\"form_fields[field_81b9c27][]\"> <label for=\"form-field-field_81b9c27-5\">19:00 Uhr (Abend)<\/label><\/span><span class=\"elementor-field-option\"><input type=\"checkbox\" value=\"19:30 Uhr (Abend)\" id=\"form-field-field_81b9c27-6\" name=\"form_fields[field_81b9c27][]\"> <label for=\"form-field-field_81b9c27-6\">19:30 Uhr (Abend)<\/label><\/span><span class=\"elementor-field-option\"><input type=\"checkbox\" value=\"20.00 Uhr (Abend)\" id=\"form-field-field_81b9c27-7\" name=\"form_fields[field_81b9c27][]\"> <label for=\"form-field-field_81b9c27-7\">20.00 Uhr (Abend)<\/label><\/span><\/div>\t\t\t\t<\/div>\n\t\t\t\t\t\t\t\t<div class=\"elementor-field-type-html elementor-field-group elementor-column elementor-field-group-field_7d2d8d2 elementor-col-100\">\n\t\t\t\t\t<br>\t\t\t\t<\/div>\n\t\t\t\t\t\t\t\t<div class=\"elementor-field-type-html elementor-field-group elementor-column elementor-field-group-field_5486811 elementor-col-100\">\n\t\t\t\t\t<h6> Drinnen oder draussen <\/h6>\t\t\t\t<\/div>\n\t\t\t\t\t\t\t\t<div class=\"elementor-field-type-radio elementor-field-group elementor-column elementor-field-group-field_c8e07b2 elementor-col-100\">\n\t\t\t\t\t<div class=\"elementor-field-subgroup  \"><span class=\"elementor-field-option\"><input type=\"radio\" value=\"Ich m\u00f6chte draussen auf der Terrasse sitzen (nur Mittag)\" id=\"form-field-field_c8e07b2-0\" name=\"form_fields[field_c8e07b2]\"> <label for=\"form-field-field_c8e07b2-0\">Ich m\u00f6chte draussen auf der Terrasse sitzen (nur Mittag)<\/label><\/span><span class=\"elementor-field-option\"><input type=\"radio\" value=\"Ich m\u00f6chte drinnen in der St\u00fcva sitzen\" id=\"form-field-field_c8e07b2-1\" name=\"form_fields[field_c8e07b2]\"> <label for=\"form-field-field_c8e07b2-1\">Ich m\u00f6chte drinnen in der St\u00fcva sitzen<\/label><\/span><\/div>\t\t\t\t<\/div>\n\t\t\t\t\t\t\t\t<div class=\"elementor-field-type-html elementor-field-group elementor-column elementor-field-group-field_fc03656 elementor-col-100\">\n\t\t\t\t\t<br>\t\t\t\t<\/div>\n\t\t\t\t\t\t\t\t<div class=\"elementor-field-type-textarea elementor-field-group elementor-column elementor-field-group-message elementor-col-100\">\n\t\t\t\t\t\t\t\t\t\t\t\t<label for=\"form-field-message\" class=\"elementor-field-label\">\n\t\t\t\t\t\t\t\tWas Sie uns noch sagen m\u00f6chten ...\t\t\t\t\t\t\t<\/label>\n\t\t\t\t\t\t<textarea class=\"elementor-field-textual elementor-field  elementor-size-sm\" name=\"form_fields[message]\" id=\"form-field-message\" rows=\"4\" placeholder=\"Allergien, etc.\"><\/textarea>\t\t\t\t<\/div>\n\t\t\t\t\t\t\t\t<div class=\"elementor-field-type-text\">\n\t\t\t\t\t<input size=\"1\" type=\"text\" name=\"form_fields[field_d2006b8]\" id=\"form-field-field_d2006b8\" class=\"elementor-field elementor-size-sm \" style=\"display:none !important;\">\t\t\t\t<\/div>\n\t\t\t\t\t\t\t\t<div class=\"elementor-field-type-recaptcha_v3 elementor-field-group elementor-column elementor-field-group-field_04e0da7 elementor-col-100 recaptcha_v3-bottomright\">\n\t\t\t\t\t<div class=\"elementor-field\" id=\"form-field-field_04e0da7\"><div class=\"elementor-g-recaptcha\" data-sitekey=\"6Lc-MRAqAAAAAOk3Fl_WkuG3VPq7RpzcWuS33BPp\" data-type=\"v3\" data-action=\"Form\" data-badge=\"bottomright\" data-size=\"invisible\"><\/div><\/div>\t\t\t\t<\/div>\n\t\t\t\t\t\t\t\t<div class=\"elementor-field-group elementor-column elementor-field-type-submit elementor-col-100 e-form__buttons\">\n\t\t\t\t\t<button class=\"elementor-button elementor-size-sm\" type=\"submit\">\n\t\t\t\t\t\t<span class=\"elementor-button-content-wrapper\">\n\t\t\t\t\t\t\t\t\t\t\t\t\t\t\t\t\t\t\t\t\t\t<span class=\"elementor-button-text\">Senden<\/span>\n\t\t\t\t\t\t\t\t\t\t\t\t\t<\/span>\n\t\t\t\t\t<\/button>\n\t\t\t\t<\/div>\n\t\t\t<\/div>\n\t\t<\/form>\n\t\t\t\t\t\t<\/div>\n\t\t\t\t<\/div>\n\t\t\t\t<div class=\"elementor-element elementor-element-34b12b7 elementor-widget elementor-widget-text-editor\" data-id=\"34b12b7\" data-element_type=\"widget\" data-e-type=\"widget\" data-widget_type=\"text-editor.default\">\n\t\t\t\t<div class=\"elementor-widget-container\">\n\t\t\t\t\t\t\t\t\t<p>Wir best\u00e4tigen Ihre Tischreservation per E-Mail. Ohne Best\u00e4tigung garantieren wir keinen Platz. Vielen Dank f\u00fcr Ihr Verst\u00e4ndnis.\u00a0<\/p>\t\t\t\t\t\t\t\t<\/div>\n\t\t\t\t<\/div>\n\t\t\t\t\t<\/div>\n\t\t\t\t<\/div>\n\t\t\t\t<\/div>\n\t\t","protected":false},"excerpt":{"rendered":"<p>Table reservation Winter season 05.12.2025 \u2013 19.04.2026 Summer season 04.06.2026 \u2013 25.10.2026 We will confirm your table reservation by email. Without confirmation, we cannot guarantee a table. Thank you for your understanding.\u00a0<\/p>","protected":false},"author":4,"featured_media":0,"parent":77,"menu_order":0,"comment_status":"closed","ping_status":"closed","template":"","meta":{"footnotes":""},"class_list":["post-1407","page","type-page","status-publish","hentry"],"yoast_head":"<!-- This site is optimized with the Yoast SEO plugin v27.4 - https:\/\/yoast.com\/product\/yoast-seo-wordpress\/ -->\n<title>Tisch reservieren - Hotel Morteratsch | Pontresina<\/title>\n<meta name=\"robots\" content=\"index, follow, max-snippet:-1, max-image-preview:large, max-video-preview:-1\" \/>\n<link rel=\"canonical\" href=\"https:\/\/www.morteratsch.ch\/en\/restaurant\/reserve-a-table\/\" \/>\n<meta property=\"og:locale\" content=\"en_GB\" \/>\n<meta property=\"og:type\" content=\"article\" \/>\n<meta property=\"og:title\" content=\"Tisch reservieren - Hotel Morteratsch | Pontresina\" \/>\n<meta property=\"og:description\" content=\"Tisch reservieren Wintersaison 05.12.2025 \u2013 19.04.2026 Sommersaison 04.06.2026 \u2013 25.10.2026 Wir best\u00e4tigen Ihre Tischreservation per E-Mail. Ohne Best\u00e4tigung garantieren wir keinen Platz. Vielen Dank f\u00fcr Ihr Verst\u00e4ndnis.\u00a0\" \/>\n<meta property=\"og:url\" content=\"https:\/\/www.morteratsch.ch\/en\/restaurant\/reserve-a-table\/\" \/>\n<meta property=\"og:site_name\" content=\"Hotel Morteratsch | Pontresina\" \/>\n<meta property=\"article:modified_time\" content=\"2026-03-30T16:09:55+00:00\" \/>\n<meta name=\"twitter:card\" content=\"summary_large_image\" \/>\n<meta name=\"twitter:label1\" content=\"Estimated reading time\" \/>\n\t<meta name=\"twitter:data1\" content=\"1 minute\" \/>\n<script type=\"application\/ld+json\" class=\"yoast-schema-graph\">{\"@context\":\"https:\\\/\\\/schema.org\",\"@graph\":[{\"@type\":\"WebPage\",\"@id\":\"https:\\\/\\\/www.morteratsch.ch\\\/restaurant\\\/tisch-reservieren\\\/\",\"url\":\"https:\\\/\\\/www.morteratsch.ch\\\/restaurant\\\/tisch-reservieren\\\/\",\"name\":\"Tisch reservieren - Hotel Morteratsch | Pontresina\",\"isPartOf\":{\"@id\":\"https:\\\/\\\/www.morteratsch.ch\\\/#website\"},\"datePublished\":\"2024-07-18T08:35:32+00:00\",\"dateModified\":\"2026-03-30T16:09:55+00:00\",\"breadcrumb\":{\"@id\":\"https:\\\/\\\/www.morteratsch.ch\\\/restaurant\\\/tisch-reservieren\\\/#breadcrumb\"},\"inLanguage\":\"en-GB\",\"potentialAction\":[{\"@type\":\"ReadAction\",\"target\":[\"https:\\\/\\\/www.morteratsch.ch\\\/restaurant\\\/tisch-reservieren\\\/\"]}]},{\"@type\":\"BreadcrumbList\",\"@id\":\"https:\\\/\\\/www.morteratsch.ch\\\/restaurant\\\/tisch-reservieren\\\/#breadcrumb\",\"itemListElement\":[{\"@type\":\"ListItem\",\"position\":1,\"name\":\"Startseite\",\"item\":\"https:\\\/\\\/www.morteratsch.ch\\\/\"},{\"@type\":\"ListItem\",\"position\":2,\"name\":\"Restaurant\",\"item\":\"https:\\\/\\\/www.morteratsch.ch\\\/restaurant\\\/\"},{\"@type\":\"ListItem\",\"position\":3,\"name\":\"Tisch reservieren\"}]},{\"@type\":\"WebSite\",\"@id\":\"https:\\\/\\\/www.morteratsch.ch\\\/#website\",\"url\":\"https:\\\/\\\/www.morteratsch.ch\\\/\",\"name\":\"Hotel Morteratsch | Pontresina\",\"description\":\"Hotel - Restaurant - Pontresina\",\"publisher\":{\"@id\":\"https:\\\/\\\/www.morteratsch.ch\\\/#organization\"},\"potentialAction\":[{\"@type\":\"SearchAction\",\"target\":{\"@type\":\"EntryPoint\",\"urlTemplate\":\"https:\\\/\\\/www.morteratsch.ch\\\/?s={search_term_string}\"},\"query-input\":{\"@type\":\"PropertyValueSpecification\",\"valueRequired\":true,\"valueName\":\"search_term_string\"}}],\"inLanguage\":\"en-GB\"},{\"@type\":\"Organization\",\"@id\":\"https:\\\/\\\/www.morteratsch.ch\\\/#organization\",\"name\":\"Hotel Morteratsch | Pontresina\",\"url\":\"https:\\\/\\\/www.morteratsch.ch\\\/\",\"logo\":{\"@type\":\"ImageObject\",\"inLanguage\":\"en-GB\",\"@id\":\"https:\\\/\\\/www.morteratsch.ch\\\/#\\\/schema\\\/logo\\\/image\\\/\",\"url\":\"https:\\\/\\\/www.morteratsch.ch\\\/wp-content\\\/uploads\\\/2024\\\/07\\\/morteratsch-logo.png\",\"contentUrl\":\"https:\\\/\\\/www.morteratsch.ch\\\/wp-content\\\/uploads\\\/2024\\\/07\\\/morteratsch-logo.png\",\"width\":400,\"height\":104,\"caption\":\"Hotel Morteratsch | Pontresina\"},\"image\":{\"@id\":\"https:\\\/\\\/www.morteratsch.ch\\\/#\\\/schema\\\/logo\\\/image\\\/\"}}]}<\/script>\n<!-- \/ Yoast SEO plugin. -->","yoast_head_json":{"title":"Reserve a table - Hotel Morteratsch | Pontresina","robots":{"index":"index","follow":"follow","max-snippet":"max-snippet:-1","max-image-preview":"max-image-preview:large","max-video-preview":"max-video-preview:-1"},"canonical":"https:\/\/www.morteratsch.ch\/en\/restaurant\/reserve-a-table\/","og_locale":"en_GB","og_type":"article","og_title":"Tisch reservieren - Hotel Morteratsch | Pontresina","og_description":"Tisch reservieren Wintersaison 05.12.2025 \u2013 19.04.2026 Sommersaison 04.06.2026 \u2013 25.10.2026 Wir best\u00e4tigen Ihre Tischreservation per E-Mail. Ohne Best\u00e4tigung garantieren wir keinen Platz. Vielen Dank f\u00fcr Ihr Verst\u00e4ndnis.\u00a0","og_url":"https:\/\/www.morteratsch.ch\/en\/restaurant\/reserve-a-table\/","og_site_name":"Hotel Morteratsch | Pontresina","article_modified_time":"2026-03-30T16:09:55+00:00","twitter_card":"summary_large_image","twitter_misc":{"Estimated reading time":"1 minute"},"schema":{"@context":"https:\/\/schema.org","@graph":[{"@type":"WebPage","@id":"https:\/\/www.morteratsch.ch\/restaurant\/tisch-reservieren\/","url":"https:\/\/www.morteratsch.ch\/restaurant\/tisch-reservieren\/","name":"Reserve a table - Hotel Morteratsch | Pontresina","isPartOf":{"@id":"https:\/\/www.morteratsch.ch\/#website"},"datePublished":"2024-07-18T08:35:32+00:00","dateModified":"2026-03-30T16:09:55+00:00","breadcrumb":{"@id":"https:\/\/www.morteratsch.ch\/restaurant\/tisch-reservieren\/#breadcrumb"},"inLanguage":"en-GB","potentialAction":[{"@type":"ReadAction","target":["https:\/\/www.morteratsch.ch\/restaurant\/tisch-reservieren\/"]}]},{"@type":"BreadcrumbList","@id":"https:\/\/www.morteratsch.ch\/restaurant\/tisch-reservieren\/#breadcrumb","itemListElement":[{"@type":"ListItem","position":1,"name":"Startseite","item":"https:\/\/www.morteratsch.ch\/"},{"@type":"ListItem","position":2,"name":"Restaurant","item":"https:\/\/www.morteratsch.ch\/restaurant\/"},{"@type":"ListItem","position":3,"name":"Tisch reservieren"}]},{"@type":"WebSite","@id":"https:\/\/www.morteratsch.ch\/#website","url":"https:\/\/www.morteratsch.ch\/","name":"Hotel Morteratsch | Pontresina","description":"Hotel - Restaurant - Pontresina","publisher":{"@id":"https:\/\/www.morteratsch.ch\/#organization"},"potentialAction":[{"@type":"SearchAction","target":{"@type":"EntryPoint","urlTemplate":"https:\/\/www.morteratsch.ch\/?s={search_term_string}"},"query-input":{"@type":"PropertyValueSpecification","valueRequired":true,"valueName":"search_term_string"}}],"inLanguage":"en-GB"},{"@type":"Organization","@id":"https:\/\/www.morteratsch.ch\/#organization","name":"Hotel Morteratsch | Pontresina","url":"https:\/\/www.morteratsch.ch\/","logo":{"@type":"ImageObject","inLanguage":"en-GB","@id":"https:\/\/www.morteratsch.ch\/#\/schema\/logo\/image\/","url":"https:\/\/www.morteratsch.ch\/wp-content\/uploads\/2024\/07\/morteratsch-logo.png","contentUrl":"https:\/\/www.morteratsch.ch\/wp-content\/uploads\/2024\/07\/morteratsch-logo.png","width":400,"height":104,"caption":"Hotel Morteratsch | Pontresina"},"image":{"@id":"https:\/\/www.morteratsch.ch\/#\/schema\/logo\/image\/"}}]}},"_links":{"self":[{"href":"https:\/\/www.morteratsch.ch\/en\/wp-json\/wp\/v2\/pages\/1407","targetHints":{"allow":["GET"]}}],"collection":[{"href":"https:\/\/www.morteratsch.ch\/en\/wp-json\/wp\/v2\/pages"}],"about":[{"href":"https:\/\/www.morteratsch.ch\/en\/wp-json\/wp\/v2\/types\/page"}],"author":[{"embeddable":true,"href":"https:\/\/www.morteratsch.ch\/en\/wp-json\/wp\/v2\/users\/4"}],"replies":[{"embeddable":true,"href":"https:\/\/www.morteratsch.ch\/en\/wp-json\/wp\/v2\/comments?post=1407"}],"version-history":[{"count":34,"href":"https:\/\/www.morteratsch.ch\/en\/wp-json\/wp\/v2\/pages\/1407\/revisions"}],"predecessor-version":[{"id":2520,"href":"https:\/\/www.morteratsch.ch\/en\/wp-json\/wp\/v2\/pages\/1407\/revisions\/2520"}],"up":[{"embeddable":true,"href":"https:\/\/www.morteratsch.ch\/en\/wp-json\/wp\/v2\/pages\/77"}],"wp:attachment":[{"href":"https:\/\/www.morteratsch.ch\/en\/wp-json\/wp\/v2\/media?parent=1407"}],"curies":[{"name":"wp","href":"https:\/\/api.w.org\/{rel}","templated":true}]}}