{"id":93,"date":"2024-07-09T17:30:54","date_gmt":"2024-07-09T15:30:54","guid":{"rendered":"https:\/\/www.morteratsch.ch\/?page_id=93"},"modified":"2024-07-18T14:55:10","modified_gmt":"2024-07-18T12:55:10","slug":"contact","status":"publish","type":"page","link":"https:\/\/www.morteratsch.ch\/en\/kontakt\/","title":{"rendered":"Contact"},"content":{"rendered":"\t\t<div data-elementor-type=\"wp-page\" data-elementor-id=\"93\" class=\"elementor elementor-93\" data-elementor-post-type=\"page\">\n\t\t\t\t<div class=\"elementor-element elementor-element-efc0cd6 e-flex e-con-boxed e-con e-parent\" data-id=\"efc0cd6\" data-element_type=\"container\" data-e-type=\"container\">\n\t\t\t\t\t<div class=\"e-con-inner\">\n\t\t\t\t<div class=\"elementor-element elementor-element-48d4963 elementor-widget elementor-widget-uael-google-map\" data-id=\"48d4963\" data-element_type=\"widget\" data-e-type=\"widget\" data-settings=\"{&quot;advance_marker&quot;:&quot;no&quot;,&quot;option_streeview&quot;:&quot;yes&quot;,&quot;type_control&quot;:&quot;yes&quot;,&quot;zoom_control&quot;:&quot;yes&quot;,&quot;fullscreen_control&quot;:&quot;yes&quot;}\" data-widget_type=\"uael-google-map.default\">\n\t\t\t\t<div class=\"elementor-widget-container\">\n\t\t\t\t\t\t\t<div class=\"uael-google-map-wrap\">\n\t\t\t<div id=\"uael-google-map-48d4963\" class=\"uael-google-map\" data-map_options=\"{&quot;zoom&quot;:16,&quot;mapTypeId&quot;:&quot;hybrid&quot;,&quot;mapTypeControl&quot;:true,&quot;streetViewControl&quot;:true,&quot;zoomControl&quot;:true,&quot;fullscreenControl&quot;:true,&quot;gestureHandling&quot;:true}\" data-cluster=\"no\" data-cluster-attr=\"[]\" data-max-width=\"250\" data-locations=\"[[&quot;46.450904&quot;,&quot;9.940848&quot;,true,&quot;Hotel - Restaurant Morteratsch&quot;,&quot;&quot;,&quot;&quot;,&quot;&quot;,&quot;&quot;,&quot;iw_open&quot;]]\" data-animate=\"\" data-auto-center=\"center\" data-map-id=\"\" data-advance-marker=\"no\"><\/div>\n\t\t<\/div>\n\t\t\t\t\t\t<\/div>\n\t\t\t\t<\/div>\n\t\t\t\t<div class=\"elementor-element elementor-element-cdd4cad elementor-widget__width-initial elementor-widget elementor-widget-heading\" data-id=\"cdd4cad\" data-element_type=\"widget\" data-e-type=\"widget\" data-widget_type=\"heading.default\">\n\t\t\t\t<div class=\"elementor-widget-container\">\n\t\t\t\t\t<h2 class=\"elementor-heading-title elementor-size-default\">Kontakt<\/h2>\t\t\t\t<\/div>\n\t\t\t\t<\/div>\n\t\t\t\t<div class=\"elementor-element elementor-element-25aff34 elementor-widget__width-initial elementor-widget elementor-widget-text-editor\" data-id=\"25aff34\" data-element_type=\"widget\" data-e-type=\"widget\" data-widget_type=\"text-editor.default\">\n\t\t\t\t<div class=\"elementor-widget-container\">\n\t\t\t\t\t\t\t\t\t<p>M\u00f6chten Sie bei uns zu Gast sein? Wir verstehen es! Rufen Sie uns einfach an oder senden Sie eine E-Mail. Wir lassen Ihnen umgehend ein tolles Angebot zukommen. Nenne Sie uns Ihre Reisedaten, die gew\u00fcnschte Zimmerkategorie und teilen Sie uns mit, ob Sie einen Garagenplatz w\u00fcnschen oder einen Skipass buchen m\u00f6chten. So bereiten wir im Voraus alles f\u00fcr Ihren Besuch vor. Ein schnelles Check-in und ein toller Aufenthalt ist garantiert.<\/p>\t\t\t\t\t\t\t\t<\/div>\n\t\t\t\t<\/div>\n\t\t<div class=\"elementor-element elementor-element-8a9634c e-con-full e-flex e-con e-child\" data-id=\"8a9634c\" data-element_type=\"container\" data-e-type=\"container\">\n\t\t<div class=\"elementor-element elementor-element-9c320c6 e-con-full e-flex e-con e-child\" data-id=\"9c320c6\" data-element_type=\"container\" data-e-type=\"container\">\n\t\t\t\t<div class=\"elementor-element elementor-element-7c2662d elementor-widget__width-inherit elementor-widget elementor-widget-heading\" data-id=\"7c2662d\" data-element_type=\"widget\" data-e-type=\"widget\" data-widget_type=\"heading.default\">\n\t\t\t\t<div class=\"elementor-widget-container\">\n\t\t\t\t\t<h3 class=\"elementor-heading-title elementor-size-default\">Adresse<\/h3>\t\t\t\t<\/div>\n\t\t\t\t<\/div>\n\t\t\t\t<div class=\"elementor-element elementor-element-f375362 elementor-widget elementor-widget-text-editor\" data-id=\"f375362\" data-element_type=\"widget\" data-e-type=\"widget\" data-widget_type=\"text-editor.default\">\n\t\t\t\t<div class=\"elementor-widget-container\">\n\t\t\t\t\t\t\t\t\t<p>Hotel Morteratsch<br \/>Morteratsch 4<br \/>7504 Pontresina<br \/>Schweiz<\/p><p>Tel. <strong><a href=\"tel:+41818426313\">+41 81 842 63 13<\/a><\/strong><br \/>E-Mail: <strong><a href=\"mailto:mail@morteratsch.ch\">mail@morteratsch.ch<\/a><\/strong><\/p>\t\t\t\t\t\t\t\t<\/div>\n\t\t\t\t<\/div>\n\t\t\t\t<\/div>\n\t\t<div class=\"elementor-element elementor-element-4db2158 e-con-full e-flex e-con e-child\" data-id=\"4db2158\" data-element_type=\"container\" data-e-type=\"container\">\n\t\t\t\t<div class=\"elementor-element elementor-element-c4e7a4f elementor-widget__width-inherit elementor-widget elementor-widget-heading\" data-id=\"c4e7a4f\" data-element_type=\"widget\" data-e-type=\"widget\" data-widget_type=\"heading.default\">\n\t\t\t\t<div class=\"elementor-widget-container\">\n\t\t\t\t\t<h3 class=\"elementor-heading-title elementor-size-default\">Kontaktieren Sie uns \u2013 wir freuen uns!\n<\/h3>\t\t\t\t<\/div>\n\t\t\t\t<\/div>\n\t\t\t\t<div class=\"elementor-element elementor-element-1944252 elementor-button-align-stretch elementor-widget elementor-widget-form\" data-id=\"1944252\" data-element_type=\"widget\" data-e-type=\"widget\" data-settings=\"{&quot;step_next_label&quot;:&quot;Next&quot;,&quot;step_previous_label&quot;:&quot;Previous&quot;,&quot;button_width&quot;:&quot;100&quot;,&quot;step_type&quot;:&quot;number_text&quot;,&quot;step_icon_shape&quot;:&quot;circle&quot;}\" data-widget_type=\"form.default\">\n\t\t\t\t<div class=\"elementor-widget-container\">\n\t\t\t\t\t\t\t<form class=\"elementor-form\" method=\"post\" name=\"Website Kontaktformular\" aria-label=\"Website Kontaktformular\">\n\t\t\t<input type=\"hidden\" name=\"post_id\" value=\"93\"\/>\n\t\t\t<input type=\"hidden\" name=\"form_id\" value=\"1944252\"\/>\n\t\t\t<input type=\"hidden\" name=\"referer_title\" value=\"Kontakt - Hotel Morteratsch | Pontresina\" \/>\n\n\t\t\t\t\t\t\t<input type=\"hidden\" name=\"queried_id\" value=\"93\"\/>\n\t\t\t\n\t\t\t<div class=\"elementor-form-fields-wrapper elementor-labels-above\">\n\t\t\t\t\t\t\t\t<div class=\"elementor-field-type-text elementor-field-group elementor-column elementor-field-group-name elementor-col-100 elementor-field-required elementor-mark-required\">\n\t\t\t\t\t\t\t\t\t\t\t\t<label for=\"form-field-name\" class=\"elementor-field-label\">\n\t\t\t\t\t\t\t\tName\t\t\t\t\t\t\t<\/label>\n\t\t\t\t\t\t\t\t\t\t\t\t\t\t<input size=\"1\" type=\"text\" name=\"form_fields[name]\" id=\"form-field-name\" class=\"elementor-field elementor-size-sm  elementor-field-textual\" required=\"required\">\n\t\t\t\t\t\t\t\t\t\t\t<\/div>\n\t\t\t\t\t\t\t\t<div class=\"elementor-field-type-email elementor-field-group elementor-column elementor-field-group-email elementor-col-100 elementor-field-required elementor-mark-required\">\n\t\t\t\t\t\t\t\t\t\t\t\t<label for=\"form-field-email\" class=\"elementor-field-label\">\n\t\t\t\t\t\t\t\tE-Mail\t\t\t\t\t\t\t<\/label>\n\t\t\t\t\t\t\t\t\t\t\t\t\t\t<input size=\"1\" type=\"email\" name=\"form_fields[email]\" id=\"form-field-email\" class=\"elementor-field elementor-size-sm  elementor-field-textual\" required=\"required\">\n\t\t\t\t\t\t\t\t\t\t\t<\/div>\n\t\t\t\t\t\t\t\t<div class=\"elementor-field-type-textarea elementor-field-group elementor-column elementor-field-group-message elementor-col-100 elementor-field-required elementor-mark-required\">\n\t\t\t\t\t\t\t\t\t\t\t\t<label for=\"form-field-message\" class=\"elementor-field-label\">\n\t\t\t\t\t\t\t\tNachricht\t\t\t\t\t\t\t<\/label>\n\t\t\t\t\t\t<textarea class=\"elementor-field-textual elementor-field  elementor-size-sm\" name=\"form_fields[message]\" id=\"form-field-message\" rows=\"4\" required=\"required\"><\/textarea>\t\t\t\t<\/div>\n\t\t\t\t\t\t\t\t<div class=\"elementor-field-type-text\">\n\t\t\t\t\t<input size=\"1\" type=\"text\" name=\"form_fields[field_f42c7ab]\" id=\"form-field-field_f42c7ab\" class=\"elementor-field elementor-size-sm \" style=\"display:none !important;\">\t\t\t\t<\/div>\n\t\t\t\t\t\t\t\t<div class=\"elementor-field-type-recaptcha_v3 elementor-field-group elementor-column elementor-field-group-field_e192dbf elementor-col-100 recaptcha_v3-bottomright\">\n\t\t\t\t\t<div class=\"elementor-field\" id=\"form-field-field_e192dbf\"><div class=\"elementor-g-recaptcha\" data-sitekey=\"6Lc-MRAqAAAAAOk3Fl_WkuG3VPq7RpzcWuS33BPp\" data-type=\"v3\" data-action=\"Form\" data-badge=\"bottomright\" data-size=\"invisible\"><\/div><\/div>\t\t\t\t<\/div>\n\t\t\t\t\t\t\t\t<div class=\"elementor-field-group elementor-column elementor-field-type-submit elementor-col-100 e-form__buttons\">\n\t\t\t\t\t<button class=\"elementor-button elementor-size-sm\" type=\"submit\">\n\t\t\t\t\t\t<span class=\"elementor-button-content-wrapper\">\n\t\t\t\t\t\t\t\t\t\t\t\t\t\t\t\t\t\t\t\t\t\t<span class=\"elementor-button-text\">Senden<\/span>\n\t\t\t\t\t\t\t\t\t\t\t\t\t<\/span>\n\t\t\t\t\t<\/button>\n\t\t\t\t<\/div>\n\t\t\t<\/div>\n\t\t<\/form>\n\t\t\t\t\t\t<\/div>\n\t\t\t\t<\/div>\n\t\t\t\t<\/div>\n\t\t\t\t<\/div>\n\t\t\t\t\t<\/div>\n\t\t\t\t<\/div>\n\t\t\t\t<\/div>\n\t\t","protected":false},"excerpt":{"rendered":"<p>Kontakt M\u00f6chten Sie bei uns zu Gast sein? Wir verstehen es! Rufen Sie uns einfach an oder senden Sie eine E-Mail. Wir lassen Ihnen umgehend ein tolles Angebot zukommen. Nenne Sie uns Ihre Reisedaten, die gew\u00fcnschte Zimmerkategorie und teilen Sie uns mit, ob Sie einen Garagenplatz w\u00fcnschen oder einen Skipass buchen m\u00f6chten. So bereiten wir [&hellip;]<\/p>\n","protected":false},"author":4,"featured_media":0,"parent":0,"menu_order":0,"comment_status":"closed","ping_status":"closed","template":"","meta":{"footnotes":""},"class_list":["post-93","page","type-page","status-publish","hentry"],"yoast_head":"<!-- This site is optimized with the Yoast SEO plugin v27.4 - https:\/\/yoast.com\/product\/yoast-seo-wordpress\/ -->\n<title>Kontakt - Hotel Morteratsch | Pontresina<\/title>\n<meta name=\"robots\" content=\"index, follow, max-snippet:-1, max-image-preview:large, max-video-preview:-1\" \/>\n<link rel=\"canonical\" href=\"https:\/\/www.morteratsch.ch\/en\/contact\/\" \/>\n<meta property=\"og:locale\" content=\"en_GB\" \/>\n<meta property=\"og:type\" content=\"article\" \/>\n<meta property=\"og:title\" content=\"Kontakt - Hotel Morteratsch | Pontresina\" \/>\n<meta property=\"og:description\" content=\"Kontakt M\u00f6chten Sie bei uns zu Gast sein? Wir verstehen es! Rufen Sie uns einfach an oder senden Sie eine E-Mail. Wir lassen Ihnen umgehend ein tolles Angebot zukommen. Nenne Sie uns Ihre Reisedaten, die gew\u00fcnschte Zimmerkategorie und teilen Sie uns mit, ob Sie einen Garagenplatz w\u00fcnschen oder einen Skipass buchen m\u00f6chten. So bereiten wir [&hellip;]\" \/>\n<meta property=\"og:url\" content=\"https:\/\/www.morteratsch.ch\/en\/contact\/\" \/>\n<meta property=\"og:site_name\" content=\"Hotel Morteratsch | Pontresina\" \/>\n<meta property=\"article:modified_time\" content=\"2024-07-18T12:55:10+00:00\" \/>\n<meta name=\"twitter:card\" content=\"summary_large_image\" \/>\n<meta name=\"twitter:label1\" content=\"Estimated reading time\" \/>\n\t<meta name=\"twitter:data1\" content=\"15 minutes\" \/>\n<script type=\"application\/ld+json\" class=\"yoast-schema-graph\">{\"@context\":\"https:\\\/\\\/schema.org\",\"@graph\":[{\"@type\":\"WebPage\",\"@id\":\"https:\\\/\\\/www.morteratsch.ch\\\/kontakt\\\/\",\"url\":\"https:\\\/\\\/www.morteratsch.ch\\\/kontakt\\\/\",\"name\":\"Kontakt - Hotel Morteratsch | Pontresina\",\"isPartOf\":{\"@id\":\"https:\\\/\\\/www.morteratsch.ch\\\/#website\"},\"datePublished\":\"2024-07-09T15:30:54+00:00\",\"dateModified\":\"2024-07-18T12:55:10+00:00\",\"breadcrumb\":{\"@id\":\"https:\\\/\\\/www.morteratsch.ch\\\/kontakt\\\/#breadcrumb\"},\"inLanguage\":\"en-GB\",\"potentialAction\":[{\"@type\":\"ReadAction\",\"target\":[\"https:\\\/\\\/www.morteratsch.ch\\\/kontakt\\\/\"]}]},{\"@type\":\"BreadcrumbList\",\"@id\":\"https:\\\/\\\/www.morteratsch.ch\\\/kontakt\\\/#breadcrumb\",\"itemListElement\":[{\"@type\":\"ListItem\",\"position\":1,\"name\":\"Startseite\",\"item\":\"https:\\\/\\\/www.morteratsch.ch\\\/\"},{\"@type\":\"ListItem\",\"position\":2,\"name\":\"Kontakt\"}]},{\"@type\":\"WebSite\",\"@id\":\"https:\\\/\\\/www.morteratsch.ch\\\/#website\",\"url\":\"https:\\\/\\\/www.morteratsch.ch\\\/\",\"name\":\"Hotel Morteratsch | Pontresina\",\"description\":\"Hotel - Restaurant - Pontresina\",\"publisher\":{\"@id\":\"https:\\\/\\\/www.morteratsch.ch\\\/#organization\"},\"potentialAction\":[{\"@type\":\"SearchAction\",\"target\":{\"@type\":\"EntryPoint\",\"urlTemplate\":\"https:\\\/\\\/www.morteratsch.ch\\\/?s={search_term_string}\"},\"query-input\":{\"@type\":\"PropertyValueSpecification\",\"valueRequired\":true,\"valueName\":\"search_term_string\"}}],\"inLanguage\":\"en-GB\"},{\"@type\":\"Organization\",\"@id\":\"https:\\\/\\\/www.morteratsch.ch\\\/#organization\",\"name\":\"Hotel Morteratsch | Pontresina\",\"url\":\"https:\\\/\\\/www.morteratsch.ch\\\/\",\"logo\":{\"@type\":\"ImageObject\",\"inLanguage\":\"en-GB\",\"@id\":\"https:\\\/\\\/www.morteratsch.ch\\\/#\\\/schema\\\/logo\\\/image\\\/\",\"url\":\"https:\\\/\\\/www.morteratsch.ch\\\/wp-content\\\/uploads\\\/2024\\\/07\\\/morteratsch-logo.png\",\"contentUrl\":\"https:\\\/\\\/www.morteratsch.ch\\\/wp-content\\\/uploads\\\/2024\\\/07\\\/morteratsch-logo.png\",\"width\":400,\"height\":104,\"caption\":\"Hotel Morteratsch | Pontresina\"},\"image\":{\"@id\":\"https:\\\/\\\/www.morteratsch.ch\\\/#\\\/schema\\\/logo\\\/image\\\/\"}}]}<\/script>\n<!-- \/ Yoast SEO plugin. -->","yoast_head_json":{"title":"Contact - Hotel Morteratsch | Pontresina","robots":{"index":"index","follow":"follow","max-snippet":"max-snippet:-1","max-image-preview":"max-image-preview:large","max-video-preview":"max-video-preview:-1"},"canonical":"https:\/\/www.morteratsch.ch\/en\/contact\/","og_locale":"en_GB","og_type":"article","og_title":"Kontakt - Hotel Morteratsch | Pontresina","og_description":"Kontakt M\u00f6chten Sie bei uns zu Gast sein? Wir verstehen es! Rufen Sie uns einfach an oder senden Sie eine E-Mail. Wir lassen Ihnen umgehend ein tolles Angebot zukommen. Nenne Sie uns Ihre Reisedaten, die gew\u00fcnschte Zimmerkategorie und teilen Sie uns mit, ob Sie einen Garagenplatz w\u00fcnschen oder einen Skipass buchen m\u00f6chten. So bereiten wir [&hellip;]","og_url":"https:\/\/www.morteratsch.ch\/en\/contact\/","og_site_name":"Hotel Morteratsch | Pontresina","article_modified_time":"2024-07-18T12:55:10+00:00","twitter_card":"summary_large_image","twitter_misc":{"Estimated reading time":"15 minutes"},"schema":{"@context":"https:\/\/schema.org","@graph":[{"@type":"WebPage","@id":"https:\/\/www.morteratsch.ch\/kontakt\/","url":"https:\/\/www.morteratsch.ch\/kontakt\/","name":"Contact - Hotel Morteratsch | Pontresina","isPartOf":{"@id":"https:\/\/www.morteratsch.ch\/#website"},"datePublished":"2024-07-09T15:30:54+00:00","dateModified":"2024-07-18T12:55:10+00:00","breadcrumb":{"@id":"https:\/\/www.morteratsch.ch\/kontakt\/#breadcrumb"},"inLanguage":"en-GB","potentialAction":[{"@type":"ReadAction","target":["https:\/\/www.morteratsch.ch\/kontakt\/"]}]},{"@type":"BreadcrumbList","@id":"https:\/\/www.morteratsch.ch\/kontakt\/#breadcrumb","itemListElement":[{"@type":"ListItem","position":1,"name":"Startseite","item":"https:\/\/www.morteratsch.ch\/"},{"@type":"ListItem","position":2,"name":"Kontakt"}]},{"@type":"WebSite","@id":"https:\/\/www.morteratsch.ch\/#website","url":"https:\/\/www.morteratsch.ch\/","name":"Hotel Morteratsch | Pontresina","description":"Hotel - Restaurant - Pontresina","publisher":{"@id":"https:\/\/www.morteratsch.ch\/#organization"},"potentialAction":[{"@type":"SearchAction","target":{"@type":"EntryPoint","urlTemplate":"https:\/\/www.morteratsch.ch\/?s={search_term_string}"},"query-input":{"@type":"PropertyValueSpecification","valueRequired":true,"valueName":"search_term_string"}}],"inLanguage":"en-GB"},{"@type":"Organization","@id":"https:\/\/www.morteratsch.ch\/#organization","name":"Hotel Morteratsch | Pontresina","url":"https:\/\/www.morteratsch.ch\/","logo":{"@type":"ImageObject","inLanguage":"en-GB","@id":"https:\/\/www.morteratsch.ch\/#\/schema\/logo\/image\/","url":"https:\/\/www.morteratsch.ch\/wp-content\/uploads\/2024\/07\/morteratsch-logo.png","contentUrl":"https:\/\/www.morteratsch.ch\/wp-content\/uploads\/2024\/07\/morteratsch-logo.png","width":400,"height":104,"caption":"Hotel Morteratsch | Pontresina"},"image":{"@id":"https:\/\/www.morteratsch.ch\/#\/schema\/logo\/image\/"}}]}},"_links":{"self":[{"href":"https:\/\/www.morteratsch.ch\/en\/wp-json\/wp\/v2\/pages\/93","targetHints":{"allow":["GET"]}}],"collection":[{"href":"https:\/\/www.morteratsch.ch\/en\/wp-json\/wp\/v2\/pages"}],"about":[{"href":"https:\/\/www.morteratsch.ch\/en\/wp-json\/wp\/v2\/types\/page"}],"author":[{"embeddable":true,"href":"https:\/\/www.morteratsch.ch\/en\/wp-json\/wp\/v2\/users\/4"}],"replies":[{"embeddable":true,"href":"https:\/\/www.morteratsch.ch\/en\/wp-json\/wp\/v2\/comments?post=93"}],"version-history":[{"count":22,"href":"https:\/\/www.morteratsch.ch\/en\/wp-json\/wp\/v2\/pages\/93\/revisions"}],"predecessor-version":[{"id":1567,"href":"https:\/\/www.morteratsch.ch\/en\/wp-json\/wp\/v2\/pages\/93\/revisions\/1567"}],"wp:attachment":[{"href":"https:\/\/www.morteratsch.ch\/en\/wp-json\/wp\/v2\/media?parent=93"}],"curies":[{"name":"wp","href":"https:\/\/api.w.org\/{rel}","templated":true}]}}